{"id":27,"date":"2017-09-06T14:01:30","date_gmt":"2017-09-06T12:01:30","guid":{"rendered":"http:\/\/www.natur-erforschen.net\/bildarchiv\/?page_id=27"},"modified":"2021-06-01T22:20:27","modified_gmt":"2021-06-01T20:20:27","slug":"hilfe","status":"publish","type":"page","link":"https:\/\/www.natur-erforschen.net\/bildarchiv\/hilfe.html","title":{"rendered":"Hilfe"},"content":{"rendered":"<div id=\"dslc-theme-content\"><div id=\"dslc-theme-content-inner\"><div id=\"dslc-content\" class=\"dslc-content dslc-clearfix\">\n<div id=\"dslc-main\">\n<div  class=\"dslc-modules-section \" style=\"\" data-section-id=\"5ba5326ac56\">\n<div class=\"dslc-modules-section-wrapper dslc-clearfix\">\n<style type=\"text\/css\" id=\"dslca-modules-area-\"><\/style>\n<div  class=\"dslc-modules-area dslc-col dslc-12-col dslc-last-col\" data-size=\"12\" data-valign=\"\" data-modules-area-id=\"\" >\n<div id=\"dslc-module-c3182f3f9ec\" class=\"dslc-module-front dslc-module-DSLC_Text_Simple dslc-in-viewport-check dslc-in-viewport-anim-none  dslc-col dslc-12-col dslc-last-col  dslc-module-handle-like-regular \" data-module-id=\"c3182f3f9ec\" data-module=\"DSLC_Text_Simple\" data-dslc-module-size=\"12\" data-dslc-anim=\"none\" data-dslc-anim-delay=\"\" data-dslc-anim-duration=\"650\"  data-dslc-anim-easing=\"ease\" data-dslc-preset=\"none\" >\n<div class=\"dslc-text-module-content\">\n<h1>Hilfe<\/h1>\n<h4>Zur Navigation<\/h4>\n<p>Zur Navigation auf einzelne Seiten werden verschiedene M\u00f6glichkeiten verwendet:<\/p>\n<ul>\n<li>Dropdown-Men\u00fcs im Headerbereich, z. B. f\u00fcr die Navigation zu Unterseiten der Projekte.<\/li>\n<li>Portfolios z.B. zur Navigation zu den einzelnen Projekten oder komplexeren Seiten. Zun\u00e4chst wird die Frontseite des Portfolios angezeigt. Durch Klicken auf den Button \"View More\" gelangt man zu den Inhaltsseiten.<\/li>\n<li>Linklisten f\u00fcr die Navigation zu Einzelkapiteln von komplexen Seiten.<\/li>\n<\/ul>\n<p>Hilfreich sind auch der R\u00fcckw\u00e4rts- und Vorw\u00e4rts-Pfeil oben links. Mit ihnen l\u00e4sst sich nicht nur die vorige oder die n\u00e4chste Seite erreichen. Durch Klicken mit der rechten Maustaste wird die Navigations-Chronik angezeigt, in der sich die einzelnen Seiten aufrufen lassen. (Diese Funktion ist vom Browser abh\u00e4ngig).<\/p>\n<p>Die meisten Bilder und Grafiken sind als Vorschaubilder eingef\u00fcgt. Durch Anklicken der Vorschaubilder \u00f6ffenen sich hinterlegte Bild-Dateien im vollem Format oder pdf-Dateien.<\/p>\n<h4>Zu den Inhalten<\/h4>\n<p>Die komplexe Website wird fortlaufend erg\u00e4nzt und weiterentwickelt. Durch Klicken auf \"Bearbeitungsstand\" im Footer kann man sich \u00fcber den jeweiligen Stand informieren.<\/p>\n<p>F\u00fcr eine nichtkommerzielle Nutzung der Texte, Bilder und Grafiken, z.B. f\u00fcr Unterrichtszwecke oder den privaten Gebrauch d\u00fcrfen diese heruntergeladen und gespeichert werden (Copyright im Impressum beachten!). Die pdf-Dateien erscheinen in dem \u00fcblichen Ansichtsrahmen mit verschiedenen Steuersymbolen.<\/p>\n<p>Die Fotos und Grafiken sind in der hier vorliegenden Gr\u00f6\u00dfe nicht f\u00fcr den Druck geeignet.<\/p>\n<p>\u00a0<\/p>\n<\/p><\/div>\n<\/p><\/div>\n<p><!-- .dslc-module -->\n\t\t<\/div>\n<\/div>\n<\/div>\n<\/div>\n<\/div>\n<\/div><\/div>","protected":false},"excerpt":{"rendered":"<p>Hilfe Zur Navigation Zur Navigation auf einzelne Seiten werden verschiedene M\u00f6glichkeiten verwendet: Dropdown-Men\u00fcs im Headerbereich, z. B. f\u00fcr die Navigation zu Unterseiten der Projekte. Portfolios z.B. zur Navigation zu den einzelnen Projekten oder komplexeren Seiten. Zun\u00e4chst wird die Frontseite des Portfolios angezeigt. Durch Klicken auf den Button \"View More\" gelangt man zu den Inhaltsseiten. Linklisten [&hellip;]<\/p>\n","protected":false},"author":1,"featured_media":0,"parent":0,"menu_order":229,"comment_status":"closed","ping_status":"closed","template":"","meta":{"footnotes":""},"class_list":["post-27","page","type-page","status-publish","hentry","wpbf-post"],"_links":{"self":[{"href":"https:\/\/www.natur-erforschen.net\/bildarchiv\/wp-json\/wp\/v2\/pages\/27","targetHints":{"allow":["GET"]}}],"collection":[{"href":"https:\/\/www.natur-erforschen.net\/bildarchiv\/wp-json\/wp\/v2\/pages"}],"about":[{"href":"https:\/\/www.natur-erforschen.net\/bildarchiv\/wp-json\/wp\/v2\/types\/page"}],"author":[{"embeddable":true,"href":"https:\/\/www.natur-erforschen.net\/bildarchiv\/wp-json\/wp\/v2\/users\/1"}],"replies":[{"embeddable":true,"href":"https:\/\/www.natur-erforschen.net\/bildarchiv\/wp-json\/wp\/v2\/comments?post=27"}],"version-history":[{"count":1,"href":"https:\/\/www.natur-erforschen.net\/bildarchiv\/wp-json\/wp\/v2\/pages\/27\/revisions"}],"predecessor-version":[{"id":2373,"href":"https:\/\/www.natur-erforschen.net\/bildarchiv\/wp-json\/wp\/v2\/pages\/27\/revisions\/2373"}],"wp:attachment":[{"href":"https:\/\/www.natur-erforschen.net\/bildarchiv\/wp-json\/wp\/v2\/media?parent=27"}],"curies":[{"name":"wp","href":"https:\/\/api.w.org\/{rel}","templated":true}]}}