{"id":1003,"date":"2021-02-07T18:26:53","date_gmt":"2021-02-07T17:26:53","guid":{"rendered":"https:\/\/www.natur-erforschen.net\/themenarchiv\/?page_id=1003"},"modified":"2021-02-07T18:26:53","modified_gmt":"2021-02-07T17:26:53","slug":"22-rosskastanie","status":"publish","type":"page","link":"https:\/\/www.natur-erforschen.net\/themenarchiv\/themen\/phaenologie\/phaenologische-entwicklung-von-pflanzen-im-laubwald-2\/bildergalerie-ausgewaehlter-pflanzenarten-der-strauch-und-baumschicht\/22-rosskastanie.html","title":{"rendered":"22 Rosskastanie"},"content":{"rendered":"<div id=\"dslc-theme-content\"><div id=\"dslc-theme-content-inner\"><div id=\"dslc-content\" class=\"dslc-content dslc-clearfix\">\n<div id=\"dslc-main\">\n<div  class=\"dslc-modules-section \" style=\"\" data-section-id=\"6fb6ef413bf\">\n<div class=\"dslc-modules-section-wrapper dslc-clearfix\">\n<style type=\"text\/css\" id=\"dslca-modules-area-\"><\/style>\n<div  class=\"dslc-modules-area dslc-col dslc-12-col dslc-last-col dslc-valign- \" data-size=\"12\" data-valign=\"\" data-modules-area-id=\"\" >\n<div id=\"dslc-module-cdadb548ec1\" class=\"dslc-module-front dslc-module-DSLC_Text_Simple dslc-in-viewport-check dslc-in-viewport-anim-none  dslc-col dslc-12-col dslc-last-col  dslc-module-handle-like-regular \" data-module-id=\"cdadb548ec1\" data-module=\"DSLC_Text_Simple\" data-dslc-module-size=\"12\" data-dslc-anim=\"none\" data-dslc-anim-delay=\"\" data-dslc-anim-duration=\"650\"  data-dslc-anim-easing=\"ease\" data-dslc-preset=\"none\" >\n<div class=\"dslc-text-module-content\">\n<h3 style=\"text-align: center;\">Nr. 22\u00a0 <b>Rosskastanie <\/b>(<i>Aesculus hippocastanum<\/i>)<\/h3>\n<h4 style=\"text-align: center;\">Familie Seifenbaumgew\u00e4chse<\/h4>\n<p style=\"text-align: center;\">Standort: verwilderter Neophyt, angepflanzter Zierbaum; auf tiefgr\u00fcndigen, frischen, basen- sowie stickstoffreichen B\u00f6den; Halbschattenpflanze<\/p>\n<p style=\"text-align: center;\">Wuchs: Baum bis 30 m H\u00f6he<\/p>\n<style type=\"text\/css\">\n#foogallery-gallery-1231 .fg-image { width: 200px; }\n#foogallery-gallery-1231 { --fg-gutter: 20px; }<\/style>\n\t\t\t<div class=\"foogallery foogallery-container foogallery-default foogallery-lightbox-foobox fg-center fg-default fg-ready fg-light fg-round-small fg-loading-default fg-loaded-fade-in fg-caption-hover fg-hover-fade fg-hover-zoom\" id=\"foogallery-gallery-1231\" data-foogallery=\"{&quot;item&quot;:{&quot;showCaptionTitle&quot;:true,&quot;showCaptionDescription&quot;:true},&quot;lazy&quot;:true}\" style=\"--fg-title-line-clamp: 0; --fg-description-line-clamp: 0;\" >\n\t<div class=\"fg-item fg-type-image fg-idle\"><figure class=\"fg-item-inner\"><a href=\"https:\/\/www.natur-erforschen.net\/themenarchiv\/wp-content\/uploads\/2021\/03\/rosskastanie_1_1280.jpg\" data-caption-title=\"Rosskastanie\" data-caption-desc=\"Blatt mit Fra\u00dfsch\u00e4den der Miniermotte Cameraria spec., Anfang August\" data-attachment-id=\"1232\" data-type=\"image\" class=\"fg-thumb\"><span class=\"fg-image-wrap\"><img decoding=\"async\" title=\"Blatt mit Fra\u00dfsch\u00e4den der Miniermotte Cameraria spec., Anfang August\" width=\"200\" height=\"200\" class=\"skip-lazy fg-image\" data-src-fg=\"https:\/\/www.natur-erforschen.net\/themenarchiv\/wp-content\/uploads\/cache\/2021\/03\/rosskastanie_1_1280\/517394388.jpg\" src=\"data:image\/svg+xml,%3Csvg%20xmlns%3D%22http%3A%2F%2Fwww.w3.org%2F2000%2Fsvg%22%20width%3D%22200%22%20height%3D%22200%22%20viewBox%3D%220%200%20200%20200%22%3E%3C%2Fsvg%3E\" loading=\"eager\"><\/span><span class=\"fg-image-overlay\"><\/span><\/a><figcaption class=\"fg-caption\"><div class=\"fg-caption-inner\"><div class=\"fg-caption-title\">Rosskastanie<\/div><div class=\"fg-caption-desc\">Blatt mit Fra\u00dfsch\u00e4den der Miniermotte Cameraria spec., Anfang August<\/div><\/div><\/figcaption><\/figure><div class=\"fg-loader\"><\/div><\/div><\/div>\n\n<\/p><\/div>\n<\/p><\/div>\n<p><!-- .dslc-module -->\n\t\t<\/div>\n<\/div>\n<\/div>\n<\/div>\n<\/div>\n<\/div><\/div>","protected":false},"excerpt":{"rendered":"<p>Nr. 22\u00a0 Rosskastanie (Aesculus hippocastanum) Familie Seifenbaumgew\u00e4chse Standort: verwilderter Neophyt, angepflanzter Zierbaum; auf tiefgr\u00fcndigen, frischen, basen- sowie stickstoffreichen B\u00f6den; Halbschattenpflanze Wuchs: Baum bis 30 m H\u00f6he<\/p>\n","protected":false},"author":1,"featured_media":0,"parent":900,"menu_order":21,"comment_status":"closed","ping_status":"closed","template":"page-templates\/page_composer.php","meta":{"footnotes":""},"class_list":["post-1003","page","type-page","status-publish","hentry","wpbf-post"],"_links":{"self":[{"href":"https:\/\/www.natur-erforschen.net\/themenarchiv\/wp-json\/wp\/v2\/pages\/1003","targetHints":{"allow":["GET"]}}],"collection":[{"href":"https:\/\/www.natur-erforschen.net\/themenarchiv\/wp-json\/wp\/v2\/pages"}],"about":[{"href":"https:\/\/www.natur-erforschen.net\/themenarchiv\/wp-json\/wp\/v2\/types\/page"}],"author":[{"embeddable":true,"href":"https:\/\/www.natur-erforschen.net\/themenarchiv\/wp-json\/wp\/v2\/users\/1"}],"replies":[{"embeddable":true,"href":"https:\/\/www.natur-erforschen.net\/themenarchiv\/wp-json\/wp\/v2\/comments?post=1003"}],"version-history":[{"count":1,"href":"https:\/\/www.natur-erforschen.net\/themenarchiv\/wp-json\/wp\/v2\/pages\/1003\/revisions"}],"predecessor-version":[{"id":1004,"href":"https:\/\/www.natur-erforschen.net\/themenarchiv\/wp-json\/wp\/v2\/pages\/1003\/revisions\/1004"}],"up":[{"embeddable":true,"href":"https:\/\/www.natur-erforschen.net\/themenarchiv\/wp-json\/wp\/v2\/pages\/900"}],"wp:attachment":[{"href":"https:\/\/www.natur-erforschen.net\/themenarchiv\/wp-json\/wp\/v2\/media?parent=1003"}],"curies":[{"name":"wp","href":"https:\/\/api.w.org\/{rel}","templated":true}]}}