{"id":1032,"date":"2021-02-08T08:52:06","date_gmt":"2021-02-08T07:52:06","guid":{"rendered":"https:\/\/www.natur-erforschen.net\/themenarchiv\/?page_id=1032"},"modified":"2021-02-08T08:52:06","modified_gmt":"2021-02-08T07:52:06","slug":"27-faulbaum","status":"publish","type":"page","link":"https:\/\/www.natur-erforschen.net\/themenarchiv\/themen\/phaenologie\/phaenologische-entwicklung-von-pflanzen-im-laubwald-2\/bildergalerie-ausgewaehlter-pflanzenarten-der-strauch-und-baumschicht\/27-faulbaum.html","title":{"rendered":"27 Faulbaum"},"content":{"rendered":"<div id=\"dslc-theme-content\"><div id=\"dslc-theme-content-inner\"><div id=\"dslc-content\" class=\"dslc-content dslc-clearfix\">\n<div id=\"dslc-main\">\n<div  class=\"dslc-modules-section \" style=\"\" data-section-id=\"6fb6ef413bf\">\n<div class=\"dslc-modules-section-wrapper dslc-clearfix\">\n<style type=\"text\/css\" id=\"dslca-modules-area-\"><\/style>\n<div  class=\"dslc-modules-area dslc-col dslc-12-col dslc-last-col dslc-valign- \" data-size=\"12\" data-valign=\"\" data-modules-area-id=\"\" >\n<div id=\"dslc-module-cdadb548ec1\" class=\"dslc-module-front dslc-module-DSLC_Text_Simple dslc-in-viewport-check dslc-in-viewport-anim-none  dslc-col dslc-12-col dslc-last-col  dslc-module-handle-like-regular \" data-module-id=\"cdadb548ec1\" data-module=\"DSLC_Text_Simple\" data-dslc-module-size=\"12\" data-dslc-anim=\"none\" data-dslc-anim-delay=\"\" data-dslc-anim-duration=\"650\"  data-dslc-anim-easing=\"ease\" data-dslc-preset=\"none\" >\n<div class=\"dslc-text-module-content\">\n<h3 style=\"text-align: center;\">Nr. 27\u00a0 <b>Faulbaum <\/b>(<i>Frangula alnus<\/i>)<\/h3>\n<h4 style=\"text-align: center;\">Familie Kreuzdorngew\u00e4chse<\/h4>\n<p style=\"text-align: center;\">Standort: lichte, feuchte Laubw\u00e4lder, Bruchw\u00e4lder, Moorgeb\u00fcsche; auf feuchten, m\u00e4\u00dfig n\u00e4hrstoffreichen, kalkfreien B\u00f6den; Halbschattenpflanze<\/p>\n<p style=\"text-align: center;\">Wuchs: Strauch bis 5 m H\u00f6he<\/p>\n<style type=\"text\/css\">\n#foogallery-gallery-1292 .fg-image { width: 200px; }\n#foogallery-gallery-1292 { --fg-gutter: 20px; }<\/style>\n\t\t\t<div class=\"foogallery foogallery-container foogallery-default foogallery-lightbox-foobox fg-center fg-default fg-ready fg-light fg-round-small fg-loading-default fg-loaded-fade-in fg-caption-hover fg-hover-fade fg-hover-zoom\" id=\"foogallery-gallery-1292\" data-foogallery=\"{&quot;item&quot;:{&quot;showCaptionTitle&quot;:true,&quot;showCaptionDescription&quot;:true},&quot;lazy&quot;:true}\" style=\"--fg-title-line-clamp: 0; --fg-description-line-clamp: 0;\" >\n\t<div class=\"fg-item fg-type-image fg-idle\"><figure class=\"fg-item-inner\"><a href=\"https:\/\/www.natur-erforschen.net\/themenarchiv\/wp-content\/uploads\/2021\/03\/faulbaum_1_1280.jpg\" data-caption-title=\"Faulbaum\" data-caption-desc=\"Bl\u00e4tter und Bl\u00fcten, Mitte Mai\" data-attachment-id=\"1293\" data-type=\"image\" class=\"fg-thumb\"><span class=\"fg-image-wrap\"><img decoding=\"async\" title=\"Bl\u00e4tter und Bl\u00fcten, Mitte Mai\" width=\"200\" height=\"200\" class=\"skip-lazy fg-image\" data-src-fg=\"https:\/\/www.natur-erforschen.net\/themenarchiv\/wp-content\/uploads\/cache\/2021\/03\/faulbaum_1_1280\/3620857914.jpg\" src=\"data:image\/svg+xml,%3Csvg%20xmlns%3D%22http%3A%2F%2Fwww.w3.org%2F2000%2Fsvg%22%20width%3D%22200%22%20height%3D%22200%22%20viewBox%3D%220%200%20200%20200%22%3E%3C%2Fsvg%3E\" loading=\"eager\"><\/span><span class=\"fg-image-overlay\"><\/span><\/a><figcaption class=\"fg-caption\"><div class=\"fg-caption-inner\"><div class=\"fg-caption-title\">Faulbaum<\/div><div class=\"fg-caption-desc\">Bl\u00e4tter und Bl\u00fcten, Mitte Mai<\/div><\/div><\/figcaption><\/figure><div class=\"fg-loader\"><\/div><\/div><div class=\"fg-item fg-type-image fg-idle\"><figure class=\"fg-item-inner\"><a href=\"https:\/\/www.natur-erforschen.net\/themenarchiv\/wp-content\/uploads\/2021\/03\/faulbaum_2_1280.jpg\" data-caption-title=\"Faulbaum\" data-caption-desc=\"Bl\u00fctenst\u00e4nde im m\u00e4nnlichen Stadium (vorm\u00e4nnlich), Mitte Mai\" data-attachment-id=\"1294\" data-type=\"image\" class=\"fg-thumb\"><span class=\"fg-image-wrap\"><img decoding=\"async\" title=\"Bl\u00fctenst\u00e4nde im m\u00e4nnlichen Stadium (vorm\u00e4nnlich), Mitte Mai\" width=\"200\" height=\"200\" class=\"skip-lazy fg-image\" data-src-fg=\"https:\/\/www.natur-erforschen.net\/themenarchiv\/wp-content\/uploads\/cache\/2021\/03\/faulbaum_2_1280\/3356403607.jpg\" src=\"data:image\/svg+xml,%3Csvg%20xmlns%3D%22http%3A%2F%2Fwww.w3.org%2F2000%2Fsvg%22%20width%3D%22200%22%20height%3D%22200%22%20viewBox%3D%220%200%20200%20200%22%3E%3C%2Fsvg%3E\" loading=\"eager\"><\/span><span class=\"fg-image-overlay\"><\/span><\/a><figcaption class=\"fg-caption\"><div class=\"fg-caption-inner\"><div class=\"fg-caption-title\">Faulbaum<\/div><div class=\"fg-caption-desc\">Bl\u00fctenst\u00e4nde im m\u00e4nnlichen Stadium (vorm\u00e4nnlich), Mitte Mai<\/div><\/div><\/figcaption><\/figure><div class=\"fg-loader\"><\/div><\/div><div class=\"fg-item fg-type-image fg-idle\"><figure class=\"fg-item-inner\"><a href=\"https:\/\/www.natur-erforschen.net\/themenarchiv\/wp-content\/uploads\/2021\/03\/faulbaum_3_1280.jpg\" data-caption-title=\"Faulbaum\" data-caption-desc=\"Steinfr\u00fcchte in unterschiedlichem Reifestadium, Anfang Oktober\" data-attachment-id=\"1295\" data-type=\"image\" class=\"fg-thumb\"><span class=\"fg-image-wrap\"><img decoding=\"async\" title=\"Steinfr\u00fcchte in unterschiedlichem Reifestadium, Anfang Oktober\" width=\"200\" height=\"200\" class=\"skip-lazy fg-image\" data-src-fg=\"https:\/\/www.natur-erforschen.net\/themenarchiv\/wp-content\/uploads\/cache\/2021\/03\/faulbaum_3_1280\/2752082409.jpg\" src=\"data:image\/svg+xml,%3Csvg%20xmlns%3D%22http%3A%2F%2Fwww.w3.org%2F2000%2Fsvg%22%20width%3D%22200%22%20height%3D%22200%22%20viewBox%3D%220%200%20200%20200%22%3E%3C%2Fsvg%3E\" loading=\"eager\"><\/span><span class=\"fg-image-overlay\"><\/span><\/a><figcaption class=\"fg-caption\"><div class=\"fg-caption-inner\"><div class=\"fg-caption-title\">Faulbaum<\/div><div class=\"fg-caption-desc\">Steinfr\u00fcchte in unterschiedlichem Reifestadium, Anfang Oktober<\/div><\/div><\/figcaption><\/figure><div class=\"fg-loader\"><\/div><\/div><div class=\"fg-item fg-type-image fg-idle\"><figure class=\"fg-item-inner\"><a href=\"https:\/\/www.natur-erforschen.net\/themenarchiv\/wp-content\/uploads\/2021\/03\/faulbaum_4_1280.jpg\" data-caption-title=\"Faulbaum\" data-caption-desc=\"Steinfr\u00fcchte in unterschiedlichem Reifestadium, Anfang Oktober\" data-attachment-id=\"1296\" data-type=\"image\" class=\"fg-thumb\"><span class=\"fg-image-wrap\"><img decoding=\"async\" title=\"Steinfr\u00fcchte in unterschiedlichem Reifestadium, Anfang Oktober\" width=\"200\" height=\"200\" class=\"skip-lazy fg-image\" data-src-fg=\"https:\/\/www.natur-erforschen.net\/themenarchiv\/wp-content\/uploads\/cache\/2021\/03\/faulbaum_4_1280\/3501744637.jpg\" src=\"data:image\/svg+xml,%3Csvg%20xmlns%3D%22http%3A%2F%2Fwww.w3.org%2F2000%2Fsvg%22%20width%3D%22200%22%20height%3D%22200%22%20viewBox%3D%220%200%20200%20200%22%3E%3C%2Fsvg%3E\" loading=\"eager\"><\/span><span class=\"fg-image-overlay\"><\/span><\/a><figcaption class=\"fg-caption\"><div class=\"fg-caption-inner\"><div class=\"fg-caption-title\">Faulbaum<\/div><div class=\"fg-caption-desc\">Steinfr\u00fcchte in unterschiedlichem Reifestadium, Anfang Oktober<\/div><\/div><\/figcaption><\/figure><div class=\"fg-loader\"><\/div><\/div><div class=\"fg-item fg-type-image fg-idle\"><figure class=\"fg-item-inner\"><a href=\"https:\/\/www.natur-erforschen.net\/themenarchiv\/wp-content\/uploads\/2021\/03\/faulbaum_5_1280.jpg\" data-caption-title=\"Faulbaum\" data-caption-desc=\"Bl\u00fcten mit Nektar saugendem Fleckenspanner;\nEnde Mai\" data-attachment-id=\"1297\" data-type=\"image\" class=\"fg-thumb\"><span class=\"fg-image-wrap\"><img decoding=\"async\" title=\"Bl\u00fcten mit Nektar saugendem Fleckenspanner;\nEnde Mai\" width=\"200\" height=\"200\" class=\"skip-lazy fg-image\" data-src-fg=\"https:\/\/www.natur-erforschen.net\/themenarchiv\/wp-content\/uploads\/cache\/2021\/03\/faulbaum_5_1280\/3166680963.jpg\" src=\"data:image\/svg+xml,%3Csvg%20xmlns%3D%22http%3A%2F%2Fwww.w3.org%2F2000%2Fsvg%22%20width%3D%22200%22%20height%3D%22200%22%20viewBox%3D%220%200%20200%20200%22%3E%3C%2Fsvg%3E\" loading=\"eager\"><\/span><span class=\"fg-image-overlay\"><\/span><\/a><figcaption class=\"fg-caption\"><div class=\"fg-caption-inner\"><div class=\"fg-caption-title\">Faulbaum<\/div><div class=\"fg-caption-desc\">Bl\u00fcten mit Nektar saugendem Fleckenspanner;\nEnde Mai<\/div><\/div><\/figcaption><\/figure><div class=\"fg-loader\"><\/div><\/div><\/div>\n\n<\/p><\/div>\n<\/p><\/div>\n<p><!-- .dslc-module -->\n\t\t<\/div>\n<\/div>\n<\/div>\n<\/div>\n<\/div>\n<\/div><\/div>","protected":false},"excerpt":{"rendered":"<p>Nr. 27\u00a0 Faulbaum (Frangula alnus) Familie Kreuzdorngew\u00e4chse Standort: lichte, feuchte Laubw\u00e4lder, Bruchw\u00e4lder, Moorgeb\u00fcsche; auf feuchten, m\u00e4\u00dfig n\u00e4hrstoffreichen, kalkfreien B\u00f6den; Halbschattenpflanze Wuchs: Strauch bis 5 m H\u00f6he<\/p>\n","protected":false},"author":1,"featured_media":0,"parent":900,"menu_order":26,"comment_status":"closed","ping_status":"closed","template":"page-templates\/page_composer.php","meta":{"footnotes":""},"class_list":["post-1032","page","type-page","status-publish","hentry","wpbf-post"],"_links":{"self":[{"href":"https:\/\/www.natur-erforschen.net\/themenarchiv\/wp-json\/wp\/v2\/pages\/1032","targetHints":{"allow":["GET"]}}],"collection":[{"href":"https:\/\/www.natur-erforschen.net\/themenarchiv\/wp-json\/wp\/v2\/pages"}],"about":[{"href":"https:\/\/www.natur-erforschen.net\/themenarchiv\/wp-json\/wp\/v2\/types\/page"}],"author":[{"embeddable":true,"href":"https:\/\/www.natur-erforschen.net\/themenarchiv\/wp-json\/wp\/v2\/users\/1"}],"replies":[{"embeddable":true,"href":"https:\/\/www.natur-erforschen.net\/themenarchiv\/wp-json\/wp\/v2\/comments?post=1032"}],"version-history":[{"count":1,"href":"https:\/\/www.natur-erforschen.net\/themenarchiv\/wp-json\/wp\/v2\/pages\/1032\/revisions"}],"predecessor-version":[{"id":1033,"href":"https:\/\/www.natur-erforschen.net\/themenarchiv\/wp-json\/wp\/v2\/pages\/1032\/revisions\/1033"}],"up":[{"embeddable":true,"href":"https:\/\/www.natur-erforschen.net\/themenarchiv\/wp-json\/wp\/v2\/pages\/900"}],"wp:attachment":[{"href":"https:\/\/www.natur-erforschen.net\/themenarchiv\/wp-json\/wp\/v2\/media?parent=1032"}],"curies":[{"name":"wp","href":"https:\/\/api.w.org\/{rel}","templated":true}]}}