{"id":1044,"date":"2021-02-08T09:02:03","date_gmt":"2021-02-08T08:02:03","guid":{"rendered":"https:\/\/www.natur-erforschen.net\/themenarchiv\/?page_id=1044"},"modified":"2021-02-08T09:02:03","modified_gmt":"2021-02-08T08:02:03","slug":"33-heckenrose","status":"publish","type":"page","link":"https:\/\/www.natur-erforschen.net\/themenarchiv\/themen\/phaenologie\/phaenologische-entwicklung-von-pflanzen-im-laubwald-2\/bildergalerie-ausgewaehlter-pflanzenarten-der-strauch-und-baumschicht\/33-heckenrose.html","title":{"rendered":"33 Heckenrose"},"content":{"rendered":"<div id=\"dslc-theme-content\"><div id=\"dslc-theme-content-inner\"><div id=\"dslc-content\" class=\"dslc-content dslc-clearfix\">\n<div id=\"dslc-main\">\n<div  class=\"dslc-modules-section \" style=\"\" data-section-id=\"6fb6ef413bf\">\n<div class=\"dslc-modules-section-wrapper dslc-clearfix\">\n<style type=\"text\/css\" id=\"dslca-modules-area-\"><\/style>\n<div  class=\"dslc-modules-area dslc-col dslc-12-col dslc-last-col dslc-valign- \" data-size=\"12\" data-valign=\"\" data-modules-area-id=\"\" >\n<div id=\"dslc-module-cdadb548ec1\" class=\"dslc-module-front dslc-module-DSLC_Text_Simple dslc-in-viewport-check dslc-in-viewport-anim-none  dslc-col dslc-12-col dslc-last-col  dslc-module-handle-like-regular \" data-module-id=\"cdadb548ec1\" data-module=\"DSLC_Text_Simple\" data-dslc-module-size=\"12\" data-dslc-anim=\"none\" data-dslc-anim-delay=\"\" data-dslc-anim-duration=\"650\"  data-dslc-anim-easing=\"ease\" data-dslc-preset=\"none\" >\n<div class=\"dslc-text-module-content\">\n<h3 style=\"text-align: center;\">Nr. 33\u00a0 <b>Heckenrose, Hundsrose <\/b>(<i>Rosa canina<\/i>)<\/h3>\n<h4 style=\"text-align: center;\">Familie Rosengew\u00e4chse<\/h4>\n<p style=\"text-align: center;\">Standort: lichte W\u00e4lder, Walds\u00e4ume, Hecken; auf frischen bis m\u00e4\u00dfig trockenen, m\u00e4\u00dfig n\u00e4hrstoffreichen, basenreichen, tiefgr\u00fcndigen Lehmb\u00f6den; Lichtpflanze<\/p>\n<p style=\"text-align: center;\">Wuchs: Scheinstrauch mit bis 5 m langen Zweigen, Spreizklimmer<\/p>\n<style type=\"text\/css\">\n#foogallery-gallery-1350 .fg-image { width: 200px; }\n#foogallery-gallery-1350 { --fg-gutter: 10px; }<\/style>\n\t\t\t<div class=\"foogallery foogallery-container foogallery-default foogallery-lightbox-foobox fg-center fg-default fg-ready fg-light fg-round-small fg-loading-default fg-loaded-fade-in fg-caption-hover fg-hover-fade fg-hover-zoom\" id=\"foogallery-gallery-1350\" data-foogallery=\"{&quot;item&quot;:{&quot;showCaptionTitle&quot;:true,&quot;showCaptionDescription&quot;:true},&quot;lazy&quot;:true}\" style=\"--fg-title-line-clamp: 0; --fg-description-line-clamp: 0;\" >\n\t<div class=\"fg-item fg-type-image fg-idle\"><figure class=\"fg-item-inner\"><a href=\"https:\/\/www.natur-erforschen.net\/themenarchiv\/wp-content\/uploads\/2021\/03\/heckenrose_1_1280.jpg\" data-caption-title=\"Heckenrose\" data-caption-desc=\"Bl\u00fcte, Ende Mai\" data-attachment-id=\"1351\" data-type=\"image\" class=\"fg-thumb\"><span class=\"fg-image-wrap\"><img decoding=\"async\" title=\"Bl\u00fcte, Ende Mai\" width=\"200\" height=\"200\" class=\"skip-lazy fg-image\" data-src-fg=\"https:\/\/www.natur-erforschen.net\/themenarchiv\/wp-content\/uploads\/cache\/2021\/03\/heckenrose_1_1280\/2700195579.jpg\" src=\"data:image\/svg+xml,%3Csvg%20xmlns%3D%22http%3A%2F%2Fwww.w3.org%2F2000%2Fsvg%22%20width%3D%22200%22%20height%3D%22200%22%20viewBox%3D%220%200%20200%20200%22%3E%3C%2Fsvg%3E\" loading=\"eager\"><\/span><span class=\"fg-image-overlay\"><\/span><\/a><figcaption class=\"fg-caption\"><div class=\"fg-caption-inner\"><div class=\"fg-caption-title\">Heckenrose<\/div><div class=\"fg-caption-desc\">Bl\u00fcte, Ende Mai<\/div><\/div><\/figcaption><\/figure><div class=\"fg-loader\"><\/div><\/div><div class=\"fg-item fg-type-image fg-idle\"><figure class=\"fg-item-inner\"><a href=\"https:\/\/www.natur-erforschen.net\/themenarchiv\/wp-content\/uploads\/2021\/03\/heckenrose_2_1280.jpg\" data-caption-title=\"Heckenrose\" data-caption-desc=\"Bl\u00fctenaufbau, Mitte Juni\" data-attachment-id=\"1352\" data-type=\"image\" class=\"fg-thumb\"><span class=\"fg-image-wrap\"><img decoding=\"async\" title=\"Bl\u00fctenaufbau, Mitte Juni\" width=\"200\" height=\"200\" class=\"skip-lazy fg-image\" data-src-fg=\"https:\/\/www.natur-erforschen.net\/themenarchiv\/wp-content\/uploads\/cache\/2021\/03\/heckenrose_2_1280\/3038996143.jpg\" src=\"data:image\/svg+xml,%3Csvg%20xmlns%3D%22http%3A%2F%2Fwww.w3.org%2F2000%2Fsvg%22%20width%3D%22200%22%20height%3D%22200%22%20viewBox%3D%220%200%20200%20200%22%3E%3C%2Fsvg%3E\" loading=\"eager\"><\/span><span class=\"fg-image-overlay\"><\/span><\/a><figcaption class=\"fg-caption\"><div class=\"fg-caption-inner\"><div class=\"fg-caption-title\">Heckenrose<\/div><div class=\"fg-caption-desc\">Bl\u00fctenaufbau, Mitte Juni<\/div><\/div><\/figcaption><\/figure><div class=\"fg-loader\"><\/div><\/div><div class=\"fg-item fg-type-image fg-idle\"><figure class=\"fg-item-inner\"><a href=\"https:\/\/www.natur-erforschen.net\/themenarchiv\/wp-content\/uploads\/2021\/03\/heckenrose_5_1280.jpg\" data-caption-title=\"Heckenrose\" data-caption-desc=\"Sammelnussfr\u00fcchte (Hagebutten), Ende September\" data-attachment-id=\"1353\" data-type=\"image\" class=\"fg-thumb\"><span class=\"fg-image-wrap\"><img decoding=\"async\" title=\"Sammelnussfr\u00fcchte (Hagebutten), Ende September\" width=\"200\" height=\"200\" class=\"skip-lazy fg-image\" data-src-fg=\"https:\/\/www.natur-erforschen.net\/themenarchiv\/wp-content\/uploads\/cache\/2021\/03\/heckenrose_5_1280\/2947019905.jpg\" src=\"data:image\/svg+xml,%3Csvg%20xmlns%3D%22http%3A%2F%2Fwww.w3.org%2F2000%2Fsvg%22%20width%3D%22200%22%20height%3D%22200%22%20viewBox%3D%220%200%20200%20200%22%3E%3C%2Fsvg%3E\" loading=\"eager\"><\/span><span class=\"fg-image-overlay\"><\/span><\/a><figcaption class=\"fg-caption\"><div class=\"fg-caption-inner\"><div class=\"fg-caption-title\">Heckenrose<\/div><div class=\"fg-caption-desc\">Sammelnussfr\u00fcchte (Hagebutten), Ende September<\/div><\/div><\/figcaption><\/figure><div class=\"fg-loader\"><\/div><\/div><div class=\"fg-item fg-type-image fg-idle\"><figure class=\"fg-item-inner\"><a href=\"https:\/\/www.natur-erforschen.net\/themenarchiv\/wp-content\/uploads\/2021\/03\/heckenrose_Biene_1_1280.jpg\" data-caption-title=\"Heckenrose\" data-caption-desc=\"Honigbiene sammelt Nektar und Pollen, Mitte, Juni\" data-attachment-id=\"1354\" data-type=\"image\" class=\"fg-thumb\"><span class=\"fg-image-wrap\"><img decoding=\"async\" title=\"Honigbiene sammelt Nektar und Pollen, Mitte, Juni\" width=\"200\" height=\"200\" class=\"skip-lazy fg-image\" data-src-fg=\"https:\/\/www.natur-erforschen.net\/themenarchiv\/wp-content\/uploads\/cache\/2021\/03\/heckenrose_Biene_1_1280\/3346391728.jpg\" src=\"data:image\/svg+xml,%3Csvg%20xmlns%3D%22http%3A%2F%2Fwww.w3.org%2F2000%2Fsvg%22%20width%3D%22200%22%20height%3D%22200%22%20viewBox%3D%220%200%20200%20200%22%3E%3C%2Fsvg%3E\" loading=\"eager\"><\/span><span class=\"fg-image-overlay\"><\/span><\/a><figcaption class=\"fg-caption\"><div class=\"fg-caption-inner\"><div class=\"fg-caption-title\">Heckenrose<\/div><div class=\"fg-caption-desc\">Honigbiene sammelt Nektar und Pollen, Mitte, Juni<\/div><\/div><\/figcaption><\/figure><div class=\"fg-loader\"><\/div><\/div><div class=\"fg-item fg-type-image fg-idle\"><figure class=\"fg-item-inner\"><a href=\"https:\/\/www.natur-erforschen.net\/themenarchiv\/wp-content\/uploads\/2021\/03\/heckenrose_biene_2_1280.jpg\" data-caption-title=\"Heckenrose\" data-caption-desc=\"Honigbiene sammelt Nektar und Pollen, Mitte, Juni\" data-attachment-id=\"1355\" data-type=\"image\" class=\"fg-thumb\"><span class=\"fg-image-wrap\"><img decoding=\"async\" title=\"Honigbiene sammelt Nektar und Pollen, Mitte, Juni\" width=\"200\" height=\"200\" class=\"skip-lazy fg-image\" data-src-fg=\"https:\/\/www.natur-erforschen.net\/themenarchiv\/wp-content\/uploads\/cache\/2021\/03\/heckenrose_biene_2_1280\/160500441.jpg\" src=\"data:image\/svg+xml,%3Csvg%20xmlns%3D%22http%3A%2F%2Fwww.w3.org%2F2000%2Fsvg%22%20width%3D%22200%22%20height%3D%22200%22%20viewBox%3D%220%200%20200%20200%22%3E%3C%2Fsvg%3E\" loading=\"eager\"><\/span><span class=\"fg-image-overlay\"><\/span><\/a><figcaption class=\"fg-caption\"><div class=\"fg-caption-inner\"><div class=\"fg-caption-title\">Heckenrose<\/div><div class=\"fg-caption-desc\">Honigbiene sammelt Nektar und Pollen, Mitte, Juni<\/div><\/div><\/figcaption><\/figure><div class=\"fg-loader\"><\/div><\/div><div class=\"fg-item fg-type-image fg-idle\"><figure class=\"fg-item-inner\"><a href=\"https:\/\/www.natur-erforschen.net\/themenarchiv\/wp-content\/uploads\/2021\/03\/heckenrose_bockkaefer_1_1280.jpg\" data-caption-title=\"Heckenrose\" data-caption-desc=\"Feldahornbock frisst Pollen der Heckenrose, Mitte Juni\" data-attachment-id=\"1356\" data-type=\"image\" class=\"fg-thumb\"><span class=\"fg-image-wrap\"><img decoding=\"async\" title=\"Feldahornbock frisst Pollen der Heckenrose, Mitte Juni\" width=\"200\" height=\"200\" class=\"skip-lazy fg-image\" data-src-fg=\"https:\/\/www.natur-erforschen.net\/themenarchiv\/wp-content\/uploads\/cache\/2021\/03\/heckenrose_bockkaefer_1_1280\/3428454336.jpg\" src=\"data:image\/svg+xml,%3Csvg%20xmlns%3D%22http%3A%2F%2Fwww.w3.org%2F2000%2Fsvg%22%20width%3D%22200%22%20height%3D%22200%22%20viewBox%3D%220%200%20200%20200%22%3E%3C%2Fsvg%3E\" loading=\"eager\"><\/span><span class=\"fg-image-overlay\"><\/span><\/a><figcaption class=\"fg-caption\"><div class=\"fg-caption-inner\"><div class=\"fg-caption-title\">Heckenrose<\/div><div class=\"fg-caption-desc\">Feldahornbock frisst Pollen der Heckenrose, Mitte Juni<\/div><\/div><\/figcaption><\/figure><div class=\"fg-loader\"><\/div><\/div><div class=\"fg-item fg-type-image fg-idle\"><figure class=\"fg-item-inner\"><a href=\"https:\/\/www.natur-erforschen.net\/themenarchiv\/wp-content\/uploads\/2021\/03\/heckenrose_bockkaefer_2_1280.jpg\" data-caption-title=\"Heckenrose\" data-caption-desc=\"Feldahornbock frisst Pollen der Heckenrose, Mitte Juni\" data-attachment-id=\"1357\" data-type=\"image\" class=\"fg-thumb\"><span class=\"fg-image-wrap\"><img decoding=\"async\" title=\"Feldahornbock frisst Pollen der Heckenrose, Mitte Juni\" width=\"200\" height=\"200\" class=\"skip-lazy fg-image\" data-src-fg=\"https:\/\/www.natur-erforschen.net\/themenarchiv\/wp-content\/uploads\/cache\/2021\/03\/heckenrose_bockkaefer_2_1280\/431734337.jpg\" src=\"data:image\/svg+xml,%3Csvg%20xmlns%3D%22http%3A%2F%2Fwww.w3.org%2F2000%2Fsvg%22%20width%3D%22200%22%20height%3D%22200%22%20viewBox%3D%220%200%20200%20200%22%3E%3C%2Fsvg%3E\" loading=\"eager\"><\/span><span class=\"fg-image-overlay\"><\/span><\/a><figcaption class=\"fg-caption\"><div class=\"fg-caption-inner\"><div class=\"fg-caption-title\">Heckenrose<\/div><div class=\"fg-caption-desc\">Feldahornbock frisst Pollen der Heckenrose, Mitte Juni<\/div><\/div><\/figcaption><\/figure><div class=\"fg-loader\"><\/div><\/div><div class=\"fg-item fg-type-image fg-idle\"><figure class=\"fg-item-inner\"><a href=\"https:\/\/www.natur-erforschen.net\/themenarchiv\/wp-content\/uploads\/2021\/03\/heckenrose_bockkaefer_3_1280.jpg\" data-caption-title=\"Heckenrose\" data-caption-desc=\"Gefleckter Schmalbock frisst Pollen der Heckenrose, Mitte Juni\" data-attachment-id=\"1358\" data-type=\"image\" class=\"fg-thumb\"><span class=\"fg-image-wrap\"><img decoding=\"async\" title=\"Gefleckter Schmalbock frisst Pollen der Heckenrose, Mitte Juni\" width=\"200\" height=\"200\" class=\"skip-lazy fg-image\" data-src-fg=\"https:\/\/www.natur-erforschen.net\/themenarchiv\/wp-content\/uploads\/cache\/2021\/03\/heckenrose_bockkaefer_3_1280\/4029912466.jpg\" src=\"data:image\/svg+xml,%3Csvg%20xmlns%3D%22http%3A%2F%2Fwww.w3.org%2F2000%2Fsvg%22%20width%3D%22200%22%20height%3D%22200%22%20viewBox%3D%220%200%20200%20200%22%3E%3C%2Fsvg%3E\" loading=\"eager\"><\/span><span class=\"fg-image-overlay\"><\/span><\/a><figcaption class=\"fg-caption\"><div class=\"fg-caption-inner\"><div class=\"fg-caption-title\">Heckenrose<\/div><div class=\"fg-caption-desc\">Gefleckter Schmalbock frisst Pollen der Heckenrose, Mitte Juni<\/div><\/div><\/figcaption><\/figure><div class=\"fg-loader\"><\/div><\/div><div class=\"fg-item fg-type-image fg-idle\"><figure class=\"fg-item-inner\"><a href=\"https:\/\/www.natur-erforschen.net\/themenarchiv\/wp-content\/uploads\/2021\/03\/heckenrose_bockkaefer_4_1280.jpg\" data-caption-title=\"Heckenrose\" data-caption-desc=\"Gefleckter Schmalbock frisst Pollen der Heckenrose, Mitte Juni\" data-attachment-id=\"1359\" data-type=\"image\" class=\"fg-thumb\"><span class=\"fg-image-wrap\"><img decoding=\"async\" title=\"Gefleckter Schmalbock frisst Pollen der Heckenrose, Mitte Juni\" width=\"200\" height=\"200\" class=\"skip-lazy fg-image\" data-src-fg=\"https:\/\/www.natur-erforschen.net\/themenarchiv\/wp-content\/uploads\/cache\/2021\/03\/heckenrose_bockkaefer_4_1280\/3849014917.jpg\" src=\"data:image\/svg+xml,%3Csvg%20xmlns%3D%22http%3A%2F%2Fwww.w3.org%2F2000%2Fsvg%22%20width%3D%22200%22%20height%3D%22200%22%20viewBox%3D%220%200%20200%20200%22%3E%3C%2Fsvg%3E\" loading=\"eager\"><\/span><span class=\"fg-image-overlay\"><\/span><\/a><figcaption class=\"fg-caption\"><div class=\"fg-caption-inner\"><div class=\"fg-caption-title\">Heckenrose<\/div><div class=\"fg-caption-desc\">Gefleckter Schmalbock frisst Pollen der Heckenrose, Mitte Juni<\/div><\/div><\/figcaption><\/figure><div class=\"fg-loader\"><\/div><\/div><\/div>\n\n<\/p><\/div>\n<\/p><\/div>\n<p><!-- .dslc-module -->\n\t\t<\/div>\n<\/div>\n<\/div>\n<\/div>\n<\/div>\n<\/div><\/div>","protected":false},"excerpt":{"rendered":"<p>Nr. 33\u00a0 Heckenrose, Hundsrose (Rosa canina) Familie Rosengew\u00e4chse Standort: lichte W\u00e4lder, Walds\u00e4ume, Hecken; auf frischen bis m\u00e4\u00dfig trockenen, m\u00e4\u00dfig n\u00e4hrstoffreichen, basenreichen, tiefgr\u00fcndigen Lehmb\u00f6den; Lichtpflanze Wuchs: Scheinstrauch mit bis 5 m langen Zweigen, Spreizklimmer<\/p>\n","protected":false},"author":1,"featured_media":0,"parent":900,"menu_order":32,"comment_status":"closed","ping_status":"closed","template":"page-templates\/page_composer.php","meta":{"footnotes":""},"class_list":["post-1044","page","type-page","status-publish","hentry","wpbf-post"],"_links":{"self":[{"href":"https:\/\/www.natur-erforschen.net\/themenarchiv\/wp-json\/wp\/v2\/pages\/1044","targetHints":{"allow":["GET"]}}],"collection":[{"href":"https:\/\/www.natur-erforschen.net\/themenarchiv\/wp-json\/wp\/v2\/pages"}],"about":[{"href":"https:\/\/www.natur-erforschen.net\/themenarchiv\/wp-json\/wp\/v2\/types\/page"}],"author":[{"embeddable":true,"href":"https:\/\/www.natur-erforschen.net\/themenarchiv\/wp-json\/wp\/v2\/users\/1"}],"replies":[{"embeddable":true,"href":"https:\/\/www.natur-erforschen.net\/themenarchiv\/wp-json\/wp\/v2\/comments?post=1044"}],"version-history":[{"count":1,"href":"https:\/\/www.natur-erforschen.net\/themenarchiv\/wp-json\/wp\/v2\/pages\/1044\/revisions"}],"predecessor-version":[{"id":1045,"href":"https:\/\/www.natur-erforschen.net\/themenarchiv\/wp-json\/wp\/v2\/pages\/1044\/revisions\/1045"}],"up":[{"embeddable":true,"href":"https:\/\/www.natur-erforschen.net\/themenarchiv\/wp-json\/wp\/v2\/pages\/900"}],"wp:attachment":[{"href":"https:\/\/www.natur-erforschen.net\/themenarchiv\/wp-json\/wp\/v2\/media?parent=1044"}],"curies":[{"name":"wp","href":"https:\/\/api.w.org\/{rel}","templated":true}]}}