{"id":1523,"date":"2021-11-06T20:58:31","date_gmt":"2021-11-06T19:58:31","guid":{"rendered":"https:\/\/www.natur-erforschen.net\/themenarchiv\/?page_id=1523"},"modified":"2022-07-01T10:26:22","modified_gmt":"2022-07-01T08:26:22","slug":"baumkrone","status":"publish","type":"page","link":"https:\/\/www.natur-erforschen.net\/themenarchiv\/themen\/oekosystem-laubwald\/beziehungen-biotop-biozoenose\/baumkrone.html","title":{"rendered":"Baumkrone"},"content":{"rendered":"<div id=\"dslc-theme-content\"><div id=\"dslc-theme-content-inner\"><div id=\"dslc-content\" class=\"dslc-content dslc-clearfix\">\n<div id=\"dslc-main\">\n<div  class=\"dslc-modules-section \" style=\"\" data-section-id=\"85d7e06dad0\">\n<div class=\"dslc-modules-section-wrapper dslc-clearfix\">\n<style type=\"text\/css\" id=\"dslca-modules-area-\"><\/style>\n<div  class=\"dslc-modules-area dslc-col dslc-12-col dslc-last-col dslc-valign- \" data-size=\"12\" data-valign=\"\" data-modules-area-id=\"\" >\n<div id=\"dslc-module-e2e4b8c468a\" class=\"dslc-module-front dslc-module-DSLC_Text_Simple dslc-in-viewport-check dslc-in-viewport-anim-none  dslc-col dslc-12-col dslc-last-col  dslc-module-handle-like-regular \" data-module-id=\"e2e4b8c468a\" data-module=\"DSLC_Text_Simple\" data-dslc-module-size=\"12\" data-dslc-anim=\"none\" data-dslc-anim-delay=\"\" data-dslc-anim-duration=\"650\"  data-dslc-anim-easing=\"ease\" data-dslc-preset=\"none\" >\n<div class=\"dslc-text-module-content\">\n<h3 style=\"text-align: center;\">Die Baumkronen eines Laubwaldes als Lebensraum<\/h3>\n<p><img loading=\"lazy\" decoding=\"async\" class=\"wp-image-1526 size-full aligncenter\" src=\"https:\/\/www.natur-erforschen.net\/themenarchiv\/wp-content\/uploads\/2021\/11\/baumkrone_2_800.jpg\" alt=\"\" width=\"800\" height=\"533\" srcset=\"https:\/\/www.natur-erforschen.net\/themenarchiv\/wp-content\/uploads\/2021\/11\/baumkrone_2_800.jpg 800w, https:\/\/www.natur-erforschen.net\/themenarchiv\/wp-content\/uploads\/2021\/11\/baumkrone_2_800-300x200.jpg 300w, https:\/\/www.natur-erforschen.net\/themenarchiv\/wp-content\/uploads\/2021\/11\/baumkrone_2_800-768x512.jpg 768w\" sizes=\"auto, (max-width: 800px) 100vw, 800px\" \/><\/p>\n<p>\u00a0<\/p>\n<p>Die Kronen von Laubb\u00e4umen mit ihrem dichten Bl\u00e4tterbestand sind die pr\u00e4gende Raumstruktur des Waldes. Die Laubbl\u00e4tter gew\u00e4hrleisten nicht nur die baumeigene Energieversorgung durch Nutzung von Sonnenlicht mittels Fotosynthese, sondern werden auch von Organismen im Wald in vielf\u00e4ltiger Weise genutzt, etwa von verschiedenen Gliederf\u00fc\u00dflern als Nahrungsquelle und Entwicklungsraum. Die bebl\u00e4tterten Zweige der Baumkrone bieten r\u00e4uberischen Waldbewohnern Ansitzwarten zum Beutefang und V\u00f6geln hoch gelegene Stellen zur Abgrenzung von Territorien und zur Anlockung von Paarungspartnern durch weit h\u00f6rbaren Gesang.<\/p>\n<p>\u00a0Die Windbest\u00e4ubung von Bl\u00fcten in den Baumkronen mehrerer Laubbaumarten findet zeitlich vor oder zu Beginn des Blattaustriebs statt, so dass ein dichtes Bl\u00e4tterwerk die Befruchtung der Baumbl\u00fcten und damit die Fortpflanzung der B\u00e4ume nicht st\u00f6rt.<\/p>\n<p>Die reifen Fr\u00fcchte und Samen der B\u00e4ume stehen den herbivoren Waldbewohnern im Kronenbereich oder auf dem Boden als Nahrung und zur unfreiwilligen Samenverbreitung zur Verf\u00fcgung.<\/p>\n<p>Die Laubbl\u00e4tter des Kronendachs beeinflussen auch erheblich die Existenz der Pflanzen- und Tierwelt in der Strauch- und Krautschicht. Die Intensit\u00e4t des Lichts, welche zu den Pflanzen der unteren Waldschichten gelangt und damit deren Fotosynthesem\u00f6glichkeit bestimmt, ist von dem Kronenschluss und damit an jedem Standort von der Schattenwirkung des Kronendaches abh\u00e4ngig. Dadurch wird je nach Schattenvertr\u00e4glichkeit erheblich die lokale Verbreitung der Strauch- und Krautpflanzen im Wald beeinflusst.<\/p>\n<p>Der j\u00e4hrliche herbstliche Blattabwurf der Laubgeh\u00f6lze ist f\u00fcr die Organismen der Bodenauflage und der Humusschicht von existenzieller Bedeutung. Die abgefallenen Bl\u00e4tter und Zweigreste stellen die entscheidende Nahrungs- und damit Energie- und N\u00e4hstoffquelle der als Destruenten t\u00e4tigen Bodenorganismen dar.<\/p>\n<p>Die folgenden Links f\u00fchren zu Bildergalerien der Baumkrone und deren Bewohnern:<\/p>\n<ul>\n<li style=\"text-align: left;\">Bildergalerie zu den <a href=\"https:\/\/www.natur-erforschen.net\/themenarchiv\/themen\/oekosystem-laubwald\/beziehungen-biotop-biozoenose\/baumkrone\/blaetter-blueten-fruechte.html\/\"><strong>Bl\u00e4ttern, Bl\u00fcten<\/strong> und <strong>Fr\u00fcchten<\/strong><\/a> der Kronen bildenden Baumarten im Laubwald Rumbecker Holz<\/li>\n<li style=\"text-align: left;\">Bildergalerie einer Auswahl von <a href=\"https:\/\/www.natur-erforschen.net\/themenarchiv\/themen\/oekosystem-laubwald\/beziehungen-biotop-biozoenose\/baumkrone\/schmetterlingsraupen.html\/\"><strong>Schmetterlingsraupen<\/strong><\/a>, die sich an den Bl\u00e4ttern von Baumkronen entwickeln<\/li>\n<li style=\"text-align: left;\">Bildergalerie einer Auswahl von<a href=\"https:\/\/www.natur-erforschen.net\/themenarchiv\/themen\/oekosystem-laubwald\/beziehungen-biotop-biozoenose\/baumkrone\/baumkrone-kaefer.html\/\"><strong> K\u00e4ferarten<\/strong><\/a>, die an Bl\u00e4ttern von\u00a0 Baumkronen leben\u00a0<\/li>\n<li style=\"text-align: left;\">Bildergalerie einer Auswahl von <a href=\"https:\/\/www.natur-erforschen.net\/themenarchiv\/themen\/oekosystem-laubwald\/beziehungen-biotop-biozoenose\/baumkrone\/baumkrone-wanzen.html\/\"><strong>Wanzenarten<\/strong><\/a>, die an Bl\u00e4ttern von Baumkronen leben<\/li>\n<li style=\"text-align: left;\">Bildergalerie einer Auswahl von <a href=\"https:\/\/www.natur-erforschen.net\/themenarchiv\/themen\/oekosystem-laubwald\/beziehungen-biotop-biozoenose\/baumkrone\/wespen-baumkrone.html\/\"><strong>Wespenarten<\/strong><\/a>, die auch an Bl\u00e4ttern von Baumkronen leben<\/li>\n<li style=\"text-align: left;\">Bildergalerie einer Auswahl von <a href=\"https:\/\/www.natur-erforschen.net\/themenarchiv\/themen\/oekosystem-laubwald\/beziehungen-biotop-biozoenose\/baumkrone\/baumkrone-spinnen.html\/\"><strong>Spinnenarten<\/strong><\/a>, die auch in Baumkronen\u00a0 leben<\/li>\n<li style=\"text-align: left;\">Bildergalerie einer Auswahl von <a href=\"https:\/\/www.natur-erforschen.net\/themenarchiv\/themen\/oekosystem-laubwald\/beziehungen-biotop-biozoenose\/baumkrone\/baumkrone-voegel.html\/\"><strong>Vogelarten<\/strong><\/a>, die zeitweise in den Baumkronen leben<\/li>\n<li style=\"text-align: left;\">Bildergalerie einer Auswahl von <a href=\"https:\/\/www.natur-erforschen.net\/themenarchiv\/themen\/oekosystem-laubwald\/beziehungen-biotop-biozoenose\/baumkrone\/baumkrone-pilze.html\/\"><strong>Pilzen<\/strong><\/a>, die an Bl\u00e4ttern von Baumkronen leben<\/li>\n<li style=\"text-align: left;\">Bildergalerie einer Auswahl von <a href=\"https:\/\/www.natur-erforschen.net\/themenarchiv\/themen\/oekosystem-laubwald\/beziehungen-biotop-biozoenose\/baumkrone\/baumkrone-gallen.html\/\"><strong>Pflanzen<\/strong>-<strong>Gallen<\/strong><\/a>, die an Bl\u00e4ttern von Baumarten der Baumkronen zu finden sind<\/li>\n<\/ul>\n<p>Die Fotos der Bildergalerien wurden zum gro\u00dfen Teil auf den Laubwald-Untersuchungsfl\u00e4chen Rumecker Holz und Sternhelle in Arnsberg gemacht, daneben in Laubwaldbest\u00e4nden der weitern Umgebung der Untersuchungsfl\u00e4chen im Sauerland.<\/p>\n<p>Aus Gr\u00fcnden der Ereichbarkeit der Fotomotive wurden die meisten Bilder im unteren und mittleren Baumkronenbereich gemacht.<\/p>\n<h4 style=\"text-align: center;\">\u00a0<\/h4>\n<p>\u00a0<\/p>\n<p>\u00a0<\/p>\n<\/p><\/div>\n<\/p><\/div>\n<p><!-- .dslc-module -->\n\t\t<\/div>\n<\/div>\n<\/div>\n<\/div>\n<\/div>\n<\/div><\/div>","protected":false},"excerpt":{"rendered":"<p>Die Baumkronen eines Laubwaldes als Lebensraum \u00a0 Die Kronen von Laubb\u00e4umen mit ihrem dichten Bl\u00e4tterbestand sind die pr\u00e4gende Raumstruktur des Waldes. Die Laubbl\u00e4tter gew\u00e4hrleisten nicht nur die baumeigene Energieversorgung durch Nutzung von Sonnenlicht mittels Fotosynthese, sondern werden auch von Organismen im Wald in vielf\u00e4ltiger Weise genutzt, etwa von verschiedenen Gliederf\u00fc\u00dflern als Nahrungsquelle und Entwicklungsraum. Die [&hellip;]<\/p>\n","protected":false},"author":1,"featured_media":0,"parent":1448,"menu_order":0,"comment_status":"closed","ping_status":"closed","template":"","meta":{"footnotes":""},"class_list":["post-1523","page","type-page","status-publish","hentry","wpbf-post"],"_links":{"self":[{"href":"https:\/\/www.natur-erforschen.net\/themenarchiv\/wp-json\/wp\/v2\/pages\/1523","targetHints":{"allow":["GET"]}}],"collection":[{"href":"https:\/\/www.natur-erforschen.net\/themenarchiv\/wp-json\/wp\/v2\/pages"}],"about":[{"href":"https:\/\/www.natur-erforschen.net\/themenarchiv\/wp-json\/wp\/v2\/types\/page"}],"author":[{"embeddable":true,"href":"https:\/\/www.natur-erforschen.net\/themenarchiv\/wp-json\/wp\/v2\/users\/1"}],"replies":[{"embeddable":true,"href":"https:\/\/www.natur-erforschen.net\/themenarchiv\/wp-json\/wp\/v2\/comments?post=1523"}],"version-history":[{"count":1,"href":"https:\/\/www.natur-erforschen.net\/themenarchiv\/wp-json\/wp\/v2\/pages\/1523\/revisions"}],"predecessor-version":[{"id":1525,"href":"https:\/\/www.natur-erforschen.net\/themenarchiv\/wp-json\/wp\/v2\/pages\/1523\/revisions\/1525"}],"up":[{"embeddable":true,"href":"https:\/\/www.natur-erforschen.net\/themenarchiv\/wp-json\/wp\/v2\/pages\/1448"}],"wp:attachment":[{"href":"https:\/\/www.natur-erforschen.net\/themenarchiv\/wp-json\/wp\/v2\/media?parent=1523"}],"curies":[{"name":"wp","href":"https:\/\/api.w.org\/{rel}","templated":true}]}}