{"id":29,"date":"2017-09-06T14:03:44","date_gmt":"2017-09-06T12:03:44","guid":{"rendered":"http:\/\/www.natur-erforschen.net\/themenarchiv\/?page_id=29"},"modified":"2020-07-29T10:42:24","modified_gmt":"2020-07-29T08:42:24","slug":"bearbeitungsstand","status":"publish","type":"page","link":"https:\/\/www.natur-erforschen.net\/themenarchiv\/bearbeitungsstand.html","title":{"rendered":"Bearbeitungsstand"},"content":{"rendered":"<div id=\"dslc-theme-content\"><div id=\"dslc-theme-content-inner\"><div id=\"dslc-content\" class=\"dslc-content dslc-clearfix\">\n<div id=\"dslc-main\">\n<div  class=\"dslc-modules-section \" style=\"\" data-section-id=\"a2e2da66c90\">\n<div class=\"dslc-modules-section-wrapper dslc-clearfix\">\n<style type=\"text\/css\" id=\"dslca-modules-area-\"><\/style>\n<div  class=\"dslc-modules-area dslc-col dslc-12-col dslc-last-col\" data-size=\"12\" data-valign=\"\" data-modules-area-id=\"\" >\n<div id=\"dslc-module-5b4a120662f\" class=\"dslc-module-front dslc-module-DSLC_Text_Simple dslc-in-viewport-check dslc-in-viewport-anim-none  dslc-col dslc-12-col dslc-last-col  dslc-module-handle-like-regular \" data-module-id=\"5b4a120662f\" data-module=\"DSLC_Text_Simple\" data-dslc-module-size=\"12\" data-dslc-anim=\"none\" data-dslc-anim-delay=\"\" data-dslc-anim-duration=\"650\"  data-dslc-anim-easing=\"ease\" data-dslc-preset=\"none\" >\n<div class=\"dslc-text-module-content\">\n<h1>Bearbeitungsstand<\/h1>\n<p>Das umfangreiche Bildarchiv \u201enatur-erforschen.net\u201c wird sukzessiv erstellt. Dem Nutzer werden deshalb der jeweilige Bearbeitungsstand und fortlaufend die Erweiterungen und Ver\u00e4nderungen mitgeteilt. In diesem Zusammenhang ist der Herausgeber dankbar f\u00fcr Hinweise auf sachliche Fehler oder Ungenauigkeiten, aber auch f\u00fcr sinnvolle Erg\u00e4nzungen.<\/p>\n<p><strong>Erstver\u00f6ffentlichung April 2017<\/strong><\/p>\n<p>Es wurde zun\u00e4chst nur die Hauptkategorie \u201eUnterrichtsprojekte\u201c bearbeitet. In das Themenarchiv und das Bildarchiv wurden noch keine Inhalte eingestellt. In einer Erstfassung fertiggestellt wurden die Beschreibung des Untersuchungsraums und die Unterrichtsprojekte \u201ePflanzenverbreitung\u201c, \u201eSchriftflechte\u201c, \u201eWespenspinne\u201c, Spinnen Ruhraue\u201c und \u201eAmphibien\u201c. Das Projekt \u201eWaldboden\u201c wird zurzeit bearbeitet.<\/p>\n<p>\u00a0<\/p>\n<\/p><\/div>\n<\/p><\/div>\n<p><!-- .dslc-module -->\n\t\t<\/div>\n<\/div>\n<\/div>\n<\/div>\n<\/div>\n<\/div><\/div>","protected":false},"excerpt":{"rendered":"<p>Bearbeitungsstand Das umfangreiche Bildarchiv \u201enatur-erforschen.net\u201c wird sukzessiv erstellt. Dem Nutzer werden deshalb der jeweilige Bearbeitungsstand und fortlaufend die Erweiterungen und Ver\u00e4nderungen mitgeteilt. In diesem Zusammenhang ist der Herausgeber dankbar f\u00fcr Hinweise auf sachliche Fehler oder Ungenauigkeiten, aber auch f\u00fcr sinnvolle Erg\u00e4nzungen. Erstver\u00f6ffentlichung April 2017 Es wurde zun\u00e4chst nur die Hauptkategorie \u201eUnterrichtsprojekte\u201c bearbeitet. In das Themenarchiv [&hellip;]<\/p>\n","protected":false},"author":1,"featured_media":0,"parent":0,"menu_order":9,"comment_status":"closed","ping_status":"closed","template":"page-templates\/page_composer.php","meta":{"footnotes":""},"class_list":["post-29","page","type-page","status-publish","hentry","wpbf-post"],"_links":{"self":[{"href":"https:\/\/www.natur-erforschen.net\/themenarchiv\/wp-json\/wp\/v2\/pages\/29","targetHints":{"allow":["GET"]}}],"collection":[{"href":"https:\/\/www.natur-erforschen.net\/themenarchiv\/wp-json\/wp\/v2\/pages"}],"about":[{"href":"https:\/\/www.natur-erforschen.net\/themenarchiv\/wp-json\/wp\/v2\/types\/page"}],"author":[{"embeddable":true,"href":"https:\/\/www.natur-erforschen.net\/themenarchiv\/wp-json\/wp\/v2\/users\/1"}],"replies":[{"embeddable":true,"href":"https:\/\/www.natur-erforschen.net\/themenarchiv\/wp-json\/wp\/v2\/comments?post=29"}],"version-history":[{"count":1,"href":"https:\/\/www.natur-erforschen.net\/themenarchiv\/wp-json\/wp\/v2\/pages\/29\/revisions"}],"predecessor-version":[{"id":519,"href":"https:\/\/www.natur-erforschen.net\/themenarchiv\/wp-json\/wp\/v2\/pages\/29\/revisions\/519"}],"wp:attachment":[{"href":"https:\/\/www.natur-erforschen.net\/themenarchiv\/wp-json\/wp\/v2\/media?parent=29"}],"curies":[{"name":"wp","href":"https:\/\/api.w.org\/{rel}","templated":true}]}}