{"id":323,"date":"2020-07-04T08:56:04","date_gmt":"2020-07-04T06:56:04","guid":{"rendered":"https:\/\/www.natur-erforschen.net\/themenarchiv\/?page_id=323"},"modified":"2021-11-05T21:09:12","modified_gmt":"2021-11-05T20:09:12","slug":"jahreszeiten-und-phaenologische-phasen","status":"publish","type":"page","link":"https:\/\/www.natur-erforschen.net\/themenarchiv\/themen\/phaenologie\/jahreszeiten-und-phaenologische-phasen.html","title":{"rendered":"Jahreszeiten-ph\u00e4nologische Phasen"},"content":{"rendered":"<div id=\"dslc-theme-content\"><div id=\"dslc-theme-content-inner\"><div id=\"dslc-content\" class=\"dslc-content dslc-clearfix\">\n<div id=\"dslc-main\">\n<div  class=\"dslc-modules-section \" style=\"\" data-section-id=\"796334f4f8a\">\n<div class=\"dslc-modules-section-wrapper dslc-clearfix\">\n<style type=\"text\/css\" id=\"dslca-modules-area-\"><\/style>\n<div  class=\"dslc-modules-area dslc-col dslc-12-col dslc-last-col dslc-valign- \" data-size=\"12\" data-valign=\"\" data-modules-area-id=\"\" >\n<div id=\"dslc-module-da5132043b5\" class=\"dslc-module-front dslc-module-DSLC_Text_Simple dslc-in-viewport-check dslc-in-viewport-anim-none  dslc-col dslc-12-col dslc-last-col  dslc-module-handle-like-regular \" data-module-id=\"da5132043b5\" data-module=\"DSLC_Text_Simple\" data-dslc-module-size=\"12\" data-dslc-anim=\"none\" data-dslc-anim-delay=\"\" data-dslc-anim-duration=\"650\"  data-dslc-anim-easing=\"ease\" data-dslc-preset=\"none\" >\n<div class=\"dslc-text-module-content\">\n<h3 style=\"text-align: center;\">Astronomische Jahreszeiten und ph\u00e4nologische Jahreszeiten (Phasen) in Mitteleuropa<\/h3>\n<p>\u00a0<\/p>\n<p>Im Alltagsleben wird das Jahr in vier Zeitabschnitte unterteilt, in die Jahreszeiten: Fr\u00fchjahr, Sommer, Herbst und Winter. Diese zeitliche Unterteilung erfolgt meist nach zwei unterschiedlichen M\u00f6glichkeiten:<\/p>\n<p>Die Einteilung der <strong>astronomischen Jahreszeiten<\/strong> richtet sich nach den Tag-Nacht-Gleichen am 21. M\u00e4rz und am 23. September sowie nach den Sonnwenden am 21. Juni und am 21. Dezember Diese Jahreszeiten-Einteilung liegt den meisten Kalendern zugrunde.<\/p>\n<p>Die <strong>meteorologischen (klimatischen) Jahreszeiten<\/strong> richten sich nach der wechselnden Sonneneinstrahlung und den damit verbundenen unterschiedlichen Temperaturverh\u00e4ltnissen: Fr\u00fchjahr von M\u00e4rz bis Mai, Sommer von Juni bis August, Herbst von September bis November, Winter von Dezember bis Februar.<\/p>\n<p>F\u00fcr die jahreszeitliche Zuordnung von Wachstums- und Entwicklungserscheinungen bei Pflanzen sowie Tieren und deren Verhalten ist die meteorologische Jahreszeiteneinteilung oft zu grob und kann nur als Basis dienen. Deshalb wurden diese Jahreszeiten nochmals unterteilt in 10 ph\u00e4nologische Abschnitte, <strong>die ph\u00e4nologischen Jahreszeiten<\/strong> Vorfr\u00fchling, Erstfr\u00fchling, Vollfr\u00fchling, Fr\u00fchsommer, Hochsommer, Sp\u00e4tsommer, Fr\u00fchherbst, Vollherbst, Sp\u00e4therbst und Winter. Zur Abgrenzung der ph\u00e4nologischen Jahreszeiten werden bei Pflanzen Erscheinungsformen ihrer Entwicklung (Blattaustrieb, Aufbl\u00fchen, Samenaustreuen) von auff\u00e4lligen Indikatorarten z.B. von Wildpflanzenarten wie Haselnuss, Schwarzer Holunder und Stieleiche, von Nutzpflanzen besonders von Obstb\u00e4umen und von Zierpflanzen wie z.B. von Forsythie und Zaubernuss genutzt. Bei Tieren lassen sich z.B. das Auftreten von Zitronenfalter und Kleinem Fuchs, oder typische Verhaltensweisen wie der erste Ruf des Kuckucks oder der Wegzug des Mauerseglers als Indikatoren nutzen.<\/p>\n<p>Da sich die ph\u00e4nologischen Jahreszeiten nach Beobachtungen von Entwicklungs- und Verhaltenserscheinungen in der Natur richten, decken sich ihre zeitlichen Abgrenzungen nicht mit denen der astronomischen oder meteorologischen Jahreszeiten. Dabei spielen f\u00fcr den Beginn der ph\u00e4nologischen Jahreszeiten regionale Gegebenheiten eine Rolle, z. B. die Topografie des Bereichs und sein lokales Wetter. Deshalb ist das Aufbl\u00fchen einer Indikatorpflanze wie das des Apfelbaums in Nordrhein-Westfalen in der Rheinebene und im Sauerland zeitlich recht unterschiedlich, aber der gleichen ph\u00e4nologischen Jahreszeit zuzuordnen ist. Somit sind auch die mit der Apfelbl\u00fcte in \u00f6kologischer Beziehung stehenden Tiere wie die Hummeln zeitlich mit erfasst. Die ph\u00e4nologischen Jahreszeiten sind in besonderem Ma\u00dfe \u00f6kologisch ausgerichtet.<\/p>\n<p style=\"text-align: center;\"><strong>Einteilung der ph\u00e4nologischen Jahreszeiten am Beispiel der Bl\u00fctenpflanzen im Laubwald im Vergleich zur zeitlichen Einteilung der kalendarischen (astronomischen) Jahreszeiten<\/strong><\/p>\n<figure id=\"attachment_318\" class=\"wp-caption aligncenter\" style=\"width: 800px;\" aria-describedby=\"caption-attachment-318\">\n<figure id=\"attachment_318\" class=\"wp-caption aligncenter\" style=\"width: 800px;\" aria-describedby=\"caption-attachment-318\"><a href=\"https:\/\/www.natur-erforschen.net\/themenarchiv\/wp-content\/uploads\/2020\/07\/phaenologische-phasen_jareszeiten_A4a.pdf\"><img loading=\"lazy\" decoding=\"async\" class=\"aligncenter wp-image-318 size-full\" src=\"https:\/\/www.natur-erforschen.net\/themenarchiv\/wp-content\/uploads\/2020\/07\/phaenologische-phasen_jareszeiten_A4a_1280.jpg\" alt=\"\" width=\"800\" height=\"775\" srcset=\"https:\/\/www.natur-erforschen.net\/themenarchiv\/wp-content\/uploads\/2020\/07\/phaenologische-phasen_jareszeiten_A4a_1280.jpg 800w, https:\/\/www.natur-erforschen.net\/themenarchiv\/wp-content\/uploads\/2020\/07\/phaenologische-phasen_jareszeiten_A4a_1280-300x291.jpg 300w, https:\/\/www.natur-erforschen.net\/themenarchiv\/wp-content\/uploads\/2020\/07\/phaenologische-phasen_jareszeiten_A4a_1280-768x744.jpg 768w, https:\/\/www.natur-erforschen.net\/themenarchiv\/wp-content\/uploads\/2020\/07\/phaenologische-phasen_jareszeiten_A4a_1280-660x639.jpg 660w, https:\/\/www.natur-erforschen.net\/themenarchiv\/wp-content\/uploads\/2020\/07\/phaenologische-phasen_jareszeiten_A4a_1280-450x436.jpg 450w\" sizes=\"auto, (max-width: 800px) 100vw, 800px\" \/><\/a><\/figure><figcaption id=\"caption-attachment-318\" class=\"wp-caption-text\">Abbildung Ph\u00e4nologie 1: Einteilung der ph\u00e4nologischen \"Jahreszeiten\" (Phasen)<\/figcaption><\/figure>\n<p>\u00a0<\/p>\n<p style=\"text-align: center;\"><strong>Ver\u00e4nderung des Beginns und der L\u00e4nge von Jahreszeiten und ph\u00e4nologischen Phasen im Lauf von ca. 60 Jahren<\/strong><\/p>\n<figure id=\"attachment_319\" class=\"wp-caption aligncenter\" style=\"width: 800px;\" aria-describedby=\"caption-attachment-319\"><a href=\"https:\/\/www.natur-erforschen.net\/themenarchiv\/wp-content\/uploads\/2020\/07\/phaenologische-phasen_veraenderung_2_a4.pdf\"><img loading=\"lazy\" decoding=\"async\" class=\"wp-image-319 size-full\" src=\"https:\/\/www.natur-erforschen.net\/themenarchiv\/wp-content\/uploads\/2020\/07\/phaenologische-phasen_veraenderung_800.jpg\" alt=\"\" width=\"800\" height=\"465\" srcset=\"https:\/\/www.natur-erforschen.net\/themenarchiv\/wp-content\/uploads\/2020\/07\/phaenologische-phasen_veraenderung_800.jpg 800w, https:\/\/www.natur-erforschen.net\/themenarchiv\/wp-content\/uploads\/2020\/07\/phaenologische-phasen_veraenderung_800-300x174.jpg 300w, https:\/\/www.natur-erforschen.net\/themenarchiv\/wp-content\/uploads\/2020\/07\/phaenologische-phasen_veraenderung_800-768x446.jpg 768w, https:\/\/www.natur-erforschen.net\/themenarchiv\/wp-content\/uploads\/2020\/07\/phaenologische-phasen_veraenderung_800-660x384.jpg 660w, https:\/\/www.natur-erforschen.net\/themenarchiv\/wp-content\/uploads\/2020\/07\/phaenologische-phasen_veraenderung_800-450x262.jpg 450w\" sizes=\"auto, (max-width: 800px) 100vw, 800px\" \/><\/a><figcaption id=\"caption-attachment-319\" class=\"wp-caption-text\">Abbildung Ph\u00e4nologie 2: Ver\u00e4nderung der ph\u00e4nologischen Jahreszeiten (Phasen)<\/figcaption><\/figure>\n<p>\u00a0<\/p>\n<\/p><\/div>\n<\/p><\/div>\n<p><!-- .dslc-module -->\n\t\t<\/div>\n<\/div>\n<\/div>\n<\/div>\n<\/div>\n<\/div><\/div>","protected":false},"excerpt":{"rendered":"<p>Astronomische Jahreszeiten und ph\u00e4nologische Jahreszeiten (Phasen) in Mitteleuropa \u00a0 Im Alltagsleben wird das Jahr in vier Zeitabschnitte unterteilt, in die Jahreszeiten: Fr\u00fchjahr, Sommer, Herbst und Winter. Diese zeitliche Unterteilung erfolgt meist nach zwei unterschiedlichen M\u00f6glichkeiten: Die Einteilung der astronomischen Jahreszeiten richtet sich nach den Tag-Nacht-Gleichen am 21. M\u00e4rz und am 23. September sowie nach den [&hellip;]<\/p>\n","protected":false},"author":1,"featured_media":0,"parent":68,"menu_order":1,"comment_status":"closed","ping_status":"closed","template":"","meta":{"footnotes":""},"class_list":["post-323","page","type-page","status-publish","hentry","wpbf-post"],"_links":{"self":[{"href":"https:\/\/www.natur-erforschen.net\/themenarchiv\/wp-json\/wp\/v2\/pages\/323","targetHints":{"allow":["GET"]}}],"collection":[{"href":"https:\/\/www.natur-erforschen.net\/themenarchiv\/wp-json\/wp\/v2\/pages"}],"about":[{"href":"https:\/\/www.natur-erforschen.net\/themenarchiv\/wp-json\/wp\/v2\/types\/page"}],"author":[{"embeddable":true,"href":"https:\/\/www.natur-erforschen.net\/themenarchiv\/wp-json\/wp\/v2\/users\/1"}],"replies":[{"embeddable":true,"href":"https:\/\/www.natur-erforschen.net\/themenarchiv\/wp-json\/wp\/v2\/comments?post=323"}],"version-history":[{"count":2,"href":"https:\/\/www.natur-erforschen.net\/themenarchiv\/wp-json\/wp\/v2\/pages\/323\/revisions"}],"predecessor-version":[{"id":1381,"href":"https:\/\/www.natur-erforschen.net\/themenarchiv\/wp-json\/wp\/v2\/pages\/323\/revisions\/1381"}],"up":[{"embeddable":true,"href":"https:\/\/www.natur-erforschen.net\/themenarchiv\/wp-json\/wp\/v2\/pages\/68"}],"wp:attachment":[{"href":"https:\/\/www.natur-erforschen.net\/themenarchiv\/wp-json\/wp\/v2\/media?parent=323"}],"curies":[{"name":"wp","href":"https:\/\/api.w.org\/{rel}","templated":true}]}}