{"id":325,"date":"2020-07-04T10:03:10","date_gmt":"2020-07-04T08:03:10","guid":{"rendered":"https:\/\/www.natur-erforschen.net\/themenarchiv\/?page_id=325"},"modified":"2021-11-05T21:09:12","modified_gmt":"2021-11-05T20:09:12","slug":"phaenologische-entwicklung-der-krautschicht-2","status":"publish","type":"page","link":"https:\/\/www.natur-erforschen.net\/themenarchiv\/themen\/phaenologie\/phaenologische-entwicklung-von-pflanzen-im-laubwald-2\/phaenologische-entwicklung-der-krautschicht-2.html","title":{"rendered":"Ph\u00e4nologie Krautschicht"},"content":{"rendered":"<div id=\"dslc-theme-content\"><div id=\"dslc-theme-content-inner\"><div id=\"dslc-content\" class=\"dslc-content dslc-clearfix\">\n<div id=\"dslc-main\">\n<div  class=\"dslc-modules-section \" style=\"\" data-section-id=\"7a1e9f2d974\">\n<div class=\"dslc-modules-section-wrapper dslc-clearfix\">\n<style type=\"text\/css\" id=\"dslca-modules-area-\"><\/style>\n<div  class=\"dslc-modules-area dslc-col dslc-12-col dslc-last-col dslc-valign- \" data-size=\"12\" data-valign=\"\" data-modules-area-id=\"\" >\n<div id=\"dslc-module-2bedb91d592\" class=\"dslc-module-front dslc-module-DSLC_Text_Simple dslc-in-viewport-check dslc-in-viewport-anim-none  dslc-col dslc-12-col dslc-last-col  dslc-module-handle-like-regular \" data-module-id=\"2bedb91d592\" data-module=\"DSLC_Text_Simple\" data-dslc-module-size=\"12\" data-dslc-anim=\"none\" data-dslc-anim-delay=\"\" data-dslc-anim-duration=\"650\"  data-dslc-anim-easing=\"ease\" data-dslc-preset=\"none\" >\n<div class=\"dslc-text-module-content\">\n<h3 style=\"text-align: center;\">Ph\u00e4nologische Entwicklung von Pflanzenarten der Krautschicht sauerl\u00e4ndischer Laubw\u00e4lder<\/h3>\n<p>\u00a0<\/p>\n<ul>\n<li><strong>Grad der Belaubung der B\u00e4ume und St\u00e4rke der Lichtintensit\u00e4t am Boden im Jahresverlauf<\/strong><\/li>\n<\/ul>\n<p>\u00a0<\/p>\n<figure id=\"attachment_336\" class=\"wp-caption aligncenter\" style=\"width: 800px;\" aria-describedby=\"caption-attachment-336\"><a href=\"https:\/\/www.natur-erforschen.net\/themenarchiv\/wp-content\/uploads\/2020\/07\/belaubung-lichtmenge_A4a.pdf\"><img loading=\"lazy\" decoding=\"async\" class=\"wp-image-336 size-full\" src=\"https:\/\/www.natur-erforschen.net\/themenarchiv\/wp-content\/uploads\/2020\/07\/belaubung-lichtmenge_A4a_800.jpg\" alt=\"\" width=\"800\" height=\"481\" srcset=\"https:\/\/www.natur-erforschen.net\/themenarchiv\/wp-content\/uploads\/2020\/07\/belaubung-lichtmenge_A4a_800.jpg 800w, https:\/\/www.natur-erforschen.net\/themenarchiv\/wp-content\/uploads\/2020\/07\/belaubung-lichtmenge_A4a_800-300x180.jpg 300w, https:\/\/www.natur-erforschen.net\/themenarchiv\/wp-content\/uploads\/2020\/07\/belaubung-lichtmenge_A4a_800-768x462.jpg 768w, https:\/\/www.natur-erforschen.net\/themenarchiv\/wp-content\/uploads\/2020\/07\/belaubung-lichtmenge_A4a_800-660x397.jpg 660w, https:\/\/www.natur-erforschen.net\/themenarchiv\/wp-content\/uploads\/2020\/07\/belaubung-lichtmenge_A4a_800-450x271.jpg 450w\" sizes=\"auto, (max-width: 800px) 100vw, 800px\" \/><\/a><figcaption id=\"caption-attachment-336\" class=\"wp-caption-text\"><\/figcaption><\/figure>\n<p>\u00a0<\/p>\n<ul>\n<li><strong>2 Ph\u00e4nologische Entwicklung ausgew\u00e4hlter Bl\u00fctenpflanzen der Krautschicht<\/strong><\/li>\n<\/ul>\n<figure id=\"attachment_872\" class=\"wp-caption aligncenter\" style=\"width: 600px;\" aria-describedby=\"caption-attachment-872\"><figcaption id=\"caption-attachment-872\" class=\"wp-caption-text\">\n<figure id=\"attachment_1392\" class=\"wp-caption aligncenter\" style=\"width: 600px;\" aria-describedby=\"caption-attachment-1392\"><a href=\"https:\/\/www.natur-erforschen.net\/themenarchiv\/wp-content\/uploads\/2021\/03\/bluezeiten-pflanzenarten_1a.pdf\"><img loading=\"lazy\" decoding=\"async\" class=\"wp-image-1392 size-full\" src=\"https:\/\/www.natur-erforschen.net\/themenarchiv\/wp-content\/uploads\/2021\/03\/bluezeiten-pflanzenarten_1a.jpg\" alt=\"\" width=\"600\" height=\"957\" srcset=\"https:\/\/www.natur-erforschen.net\/themenarchiv\/wp-content\/uploads\/2021\/03\/bluezeiten-pflanzenarten_1a.jpg 600w, https:\/\/www.natur-erforschen.net\/themenarchiv\/wp-content\/uploads\/2021\/03\/bluezeiten-pflanzenarten_1a-188x300.jpg 188w, https:\/\/www.natur-erforschen.net\/themenarchiv\/wp-content\/uploads\/2021\/03\/bluezeiten-pflanzenarten_1a-450x718.jpg 450w\" sizes=\"auto, (max-width: 600px) 100vw, 600px\" \/><\/a><figcaption id=\"caption-attachment-1392\" class=\"wp-caption-text\">Abbildung Ph\u00e4nologie 4: Ph\u00e4nologische Entwicklung von Bl\u00fctenpflanzen der Krautschicht im Laubwald<\/figcaption><\/figure>\n<\/figcaption><\/figure>\n<\/p><\/div>\n<\/p><\/div>\n<p><!-- .dslc-module -->\n\t\t<\/div>\n<\/div>\n<\/div>\n<\/div>\n<\/div>\n<\/div><\/div>","protected":false},"excerpt":{"rendered":"<p>Ph\u00e4nologische Entwicklung von Pflanzenarten der Krautschicht sauerl\u00e4ndischer Laubw\u00e4lder \u00a0 Grad der Belaubung der B\u00e4ume und St\u00e4rke der Lichtintensit\u00e4t am Boden im Jahresverlauf \u00a0 \u00a0 2 Ph\u00e4nologische Entwicklung ausgew\u00e4hlter Bl\u00fctenpflanzen der Krautschicht Abbildung Ph\u00e4nologie 4: Ph\u00e4nologische Entwicklung von Bl\u00fctenpflanzen der Krautschicht im Laubwald<\/p>\n","protected":false},"author":1,"featured_media":0,"parent":314,"menu_order":1,"comment_status":"closed","ping_status":"closed","template":"","meta":{"footnotes":""},"class_list":["post-325","page","type-page","status-publish","hentry","wpbf-post"],"_links":{"self":[{"href":"https:\/\/www.natur-erforschen.net\/themenarchiv\/wp-json\/wp\/v2\/pages\/325","targetHints":{"allow":["GET"]}}],"collection":[{"href":"https:\/\/www.natur-erforschen.net\/themenarchiv\/wp-json\/wp\/v2\/pages"}],"about":[{"href":"https:\/\/www.natur-erforschen.net\/themenarchiv\/wp-json\/wp\/v2\/types\/page"}],"author":[{"embeddable":true,"href":"https:\/\/www.natur-erforschen.net\/themenarchiv\/wp-json\/wp\/v2\/users\/1"}],"replies":[{"embeddable":true,"href":"https:\/\/www.natur-erforschen.net\/themenarchiv\/wp-json\/wp\/v2\/comments?post=325"}],"version-history":[{"count":2,"href":"https:\/\/www.natur-erforschen.net\/themenarchiv\/wp-json\/wp\/v2\/pages\/325\/revisions"}],"predecessor-version":[{"id":916,"href":"https:\/\/www.natur-erforschen.net\/themenarchiv\/wp-json\/wp\/v2\/pages\/325\/revisions\/916"}],"up":[{"embeddable":true,"href":"https:\/\/www.natur-erforschen.net\/themenarchiv\/wp-json\/wp\/v2\/pages\/314"}],"wp:attachment":[{"href":"https:\/\/www.natur-erforschen.net\/themenarchiv\/wp-json\/wp\/v2\/media?parent=325"}],"curies":[{"name":"wp","href":"https:\/\/api.w.org\/{rel}","templated":true}]}}