{"id":61,"date":"2018-07-20T17:21:30","date_gmt":"2018-07-20T15:21:30","guid":{"rendered":"https:\/\/www.natur-erforschen.net\/themenarchiv\/?page_id=61"},"modified":"2021-11-05T21:09:12","modified_gmt":"2021-11-05T20:09:12","slug":"oekosystem-laubwald","status":"publish","type":"page","link":"https:\/\/www.natur-erforschen.net\/themenarchiv\/themen\/oekosystem-laubwald.html","title":{"rendered":"\u00d6kosystem Laubwald"},"content":{"rendered":"<div id=\"dslc-theme-content\"><div id=\"dslc-theme-content-inner\"><div id=\"dslc-content\" class=\"dslc-content dslc-clearfix\">\n<div id=\"dslc-main\">\n<div  class=\"dslc-modules-section \" style=\"\" data-section-id=\"0bb0ee0e72a\">\n<div class=\"dslc-modules-section-wrapper dslc-clearfix\">\n<style type=\"text\/css\" id=\"dslca-modules-area-\"><\/style>\n<div  class=\"dslc-modules-area dslc-col dslc-12-col dslc-last-col dslc-valign- \" data-size=\"12\" data-valign=\"\" data-modules-area-id=\"\" >\n<div id=\"dslc-module-5d32b67bd40\" class=\"dslc-module-front dslc-module-DSLC_Text_Simple dslc-in-viewport-check dslc-in-viewport-anim-none  dslc-col dslc-12-col dslc-last-col  dslc-module-handle-like-regular \" data-module-id=\"5d32b67bd40\" data-module=\"DSLC_Text_Simple\" data-dslc-module-size=\"12\" data-dslc-anim=\"none\" data-dslc-anim-delay=\"\" data-dslc-anim-duration=\"650\"  data-dslc-anim-easing=\"ease\" data-dslc-preset=\"none\" >\n<div class=\"dslc-text-module-content\">\n<h3 style=\"text-align: center;\">Das \u00d6kosystem am Beispiel eines Laubwalds<\/h3>\n<p style=\"text-align: center;\"><em>Zusammenstellung von Heinrich Blana<\/em><\/p>\n<p>Alle Lebewesen leben nicht f\u00fcr sich allein, sondern sind in ihrem Lebensraum direkt oder indirekt in eine Vielzahl von Beziehungen und Abh\u00e4ngigkeiten eingebunden. Sie sind funktionaler Teil von mindestens einem \u00d6kosystems.<\/p>\n<h3><em>Begriffserkl\u00e4rungen<\/em><\/h3>\n<p><strong>Das \u00d6kosystem<\/strong><\/p>\n<p>\u201eEin \u00d6kosystem ist ein von Lebewesen und deren anorganische Umwelt gebildetes Wirkungsgef\u00fcge, dass sich weitgehend selbst reguliert. Das \u00d6kosystem ist mithin als das systemhafte Zusammenspiel (Wechselwirkungsgef\u00fcge) zwischen Bioz\u00f6nose (Lebensgemeinschaft) und Biotop (Lebensraum) zu verstehen\u201c (H. ELLENBERG 1973b in A. KRATOCHWIL & A. SCHWABE 2001).<\/p>\n<p>Ein \u00d6kosystem ist ein offenes System mit Beziehungen und Abh\u00e4ngigkeiten auch zu den Nachbarstandorten z.B. durch Nutzung von verschiedenen Teillebensr\u00e4umen durch Tierarten zur Nahrungssuche oder als Lebensort in unterschiedlichen Entwicklungsstadien. Als offenes System sind seine nat\u00fcrlichen raum- und funktionsbezogene Grenze und Gr\u00f6\u00dfe nicht eindeutig festzulegen. Ein \u00d6kosystem besteht meist aus r\u00e4umlich unterscheidbaren Teilbiotopen, die jeweils von unterschiedlichen Lebewesen ausschlie\u00dflich oder bevozugt im Ramen des Gesamt-Beziehungsnetz genutzt werden.<\/p>\n<p>In einem \u00d6kosystem laufen zeitlich abh\u00e4ngige dynamische Vorg\u00e4nge ab, durch welche sich der Zustand des Systems in unterschiedlich langen Rhythmen \u00e4ndert, im Wald z. B. durch die Ver\u00e4nderungsprozesse im Lauf der Jahrszeiten, in Form von \u00fcber l\u00e4ngere Zeitr\u00e4ume ablaufende Ver\u00e4nderungen durch Sukzessionen in Abfolge von begrenzter Lebensphasen der Organismen, oder durch arhythmische Prozesse wie Laubfra\u00df-Kalamit\u00e4ten durch massive Insektenvermehrungen oder durch Einwanderung und Ausbreitung von Neobionten. Mittels Reaktionen und Ver\u00e4nderungen im komplexen Beziehungssytem der Organismen-Populationen der Bioz\u00f6nose erfolgen im \u00d6kosystem intern fortw\u00e4hrend Anpassungsprozesse, wodurch sich das Erscheinungsbild des \u00d6kosytems mehr oder weniger \u00e4ndert. Entscheidend jedoch ist, dass sich die Gesamtfunkionalit\u00e4t des Systems etwa durch den Austausch von Organismen mit \u00e4hnlichen Lebensraumanspr\u00fcchen langfristig nicht \u00e4ndert.<\/p>\n<p>Ein \u00d6kosystem funktioniert als lebendes System nur durch Energiezufuhr - haupts\u00e4chlich durch die Sonne im Rahmen der Fotosynthese der Pflanzen - mit Energieweitergabe in Form chemisch gebunderer Energie im Rahmen von Nahrungsverkettungen, sowie durch Stoffaufnahme, Stoffwechsel und Stoffweitergabe im Rahmen von biogeochemischen Stoffkreisl\u00e4ufen innerhalb des Systems.<\/p>\n<p>Zum Verst\u00e4ndnis des komplexen Struktur- und Funktionsgef\u00fcges \u00d6kosystem werden folgende in der Wissenschaft gebr\u00e4uchlichen Begriffe betrachtet:<\/p>\n<p><strong>Das Biotop<\/strong><\/p>\n<p>Jedes \u00d6kosystem weist ein besonderes, meist vielf\u00e4ltiges r\u00e4umliches Strukturgef\u00fcge sowie dort vorhandene besondere Gegebenheiten und Einwirkungen von verschiedenen abiotischen Faktoren auf. Die Gesamtheit der Raumstrukturen und abiotischen Faktoren an einem Standort bilden das charakteristische Biotop des \u00d6kosystems, welches den Organismen des \u00d6kosystems als Lebensraum zur Verf\u00fcgung steht. Neben den abiotischen physikalischen, chemischen, klimatischen und topografischen Standortfaktoren sind auch Pflanzen wie B\u00e4ume, Str\u00e4ucher und Kr\u00e4uter als Raumgestalter, Substratanbieter, Totholz- und Laub-Lieferanten des \u00d6kosystems wichtig, so dass ein Biotop sowohl die unbelebten am Standort einwirkenden Faktoren wie auch die raumgestaltenden belebten Elemente umfasst. Letztere sind auch Teil der Bioz\u00f6nose (s. u.).<\/p>\n<p><strong>Die Bioz\u00f6nose<\/strong><\/p>\n<p>\u201eDie Bioz\u00f6nose ist eine Lebensgemeinschaft mit einer Artenzusammensetzung, die sich an einem Ort infolge \u00e4hnlicher Anspr\u00fcche ihrer Arten an abiotische und biotische Verh\u00e4ltnisse einstellt. Gegenseitige Beziehungen (Nahrungsketten, mutualistische Beziehungen u. a.) sind zumindest f\u00fcr einen Teil der Arten vorhanden. Typisierbare Eigenschaften in Bezug auf Struktur, Konnexe, Verbreitung u. a. existieren. Die bestehenden Nahrungsketten und Nahrungsnetze beschr\u00e4nken sich nicht ausschlie\u00dflich auf die Bioz\u00f6nose, sondern haben hier ihren oder einen Schwerpunkt. Bioz\u00f6nosen weisen in der Regel eine Kompartimentierung auf; Teilz\u00f6nosen sind von der Gesamtstruktur der Bioz\u00f6nose (oft gebildet von den Pflanzen als die wichtigsten Strukturtr\u00e4ger) abh\u00e4ngig.\u201c (A. KRATOCHWIL & A. SCHWABE 2001).<\/p>\n<p><strong>Das Habitat<\/strong><\/p>\n<p>Der Begriff Habitat ist urspr\u00fcnglich aut\u00f6kologisch gepr\u00e4gt (F. SCHWERTFEGER 1963). Man versteht darunter den Lebensraum eines Organismus oder einer Art mit den f\u00fcr diese lebensnotwendigen und vorhandenen Ressourcen (spezifische Habitat-Anspr\u00fcche), der von dem Lebewesen im \u00d6kosystem gezielt ausgew\u00e4hlt und f\u00fcr Nahrungserwerb und Fortpflanzung genutzt wird. (Der spezielle \u201eWohnort\u201c des Lebewesens). Mittlerweile wird der Begriff Habitat - \u00f6kologisch erweiternd und damit ungenauer - auch syn\u00f6kologisch synonym mit dem Begriff Biotop verwendet. Den Begriff Habitat sollte man jedoch nur im Sinne eines artspezifischen Teils eines Biotops verwenden.<\/p>\n<h3 style=\"text-align: center;\"><em>Strukturschema eines \u00d6kosystems Laubwald<\/em><\/h3>\n<p>Die folgende Grafik zeigt den Zusammenhang zwischen dem Biotop und der Bioz\u00f6nose des \u00d6kosystems Wald am Beispiel ausgew\u00e4hlter Raumstrukturen und Bewohner des untersuchten Laubwalds Rumbecker Holz.<\/p>\n<figure id=\"attachment_1446\" class=\"wp-caption aligncenter\" style=\"width: 600px;\" aria-describedby=\"caption-attachment-1446\"><a href=\"https:\/\/www.natur-erforschen.net\/themenarchiv\/wp-content\/uploads\/2021\/09\/Biotop-Biozoenose-A4_a_ergaenzt-kor.pdf\"><img loading=\"lazy\" decoding=\"async\" class=\"wp-image-1446 size-full\" src=\"https:\/\/www.natur-erforschen.net\/themenarchiv\/wp-content\/uploads\/2021\/09\/Biotop-Biozoenose-A4_a_ergaenzt-kor.jpg\" alt=\"\" width=\"600\" height=\"918\" srcset=\"https:\/\/www.natur-erforschen.net\/themenarchiv\/wp-content\/uploads\/2021\/09\/Biotop-Biozoenose-A4_a_ergaenzt-kor.jpg 600w, https:\/\/www.natur-erforschen.net\/themenarchiv\/wp-content\/uploads\/2021\/09\/Biotop-Biozoenose-A4_a_ergaenzt-kor-196x300.jpg 196w\" sizes=\"auto, (max-width: 600px) 100vw, 600px\" \/><\/a><figcaption id=\"caption-attachment-1446\" class=\"wp-caption-text\">Abb. Lebensraum 1: Zusammenhang zwischen Lebensraum (Biotop) und Lebensgemeinschaft (Bioz\u00f6nose) in einem \u00d6kosystem Laubwald<\/figcaption><\/figure>\n<figure id=\"attachment_1443\" class=\"wp-caption alignnone\" style=\"width: 599px;\" aria-describedby=\"caption-attachment-1443\"><figcaption id=\"caption-attachment-1443\" class=\"wp-caption-text\"><\/figcaption><\/figure>\n<p>Viele Einzelheiten zu den in Abbildung \"Lebensraum 1\" aufgef\u00fchrten Standortfaktoren und Raumstrukturen des Biotops und deren Bedeutung f\u00fcr die dortigen Lebewesen, sowie Beispiele zu den \u00f6kologischen Beziehungen innerhalb der Bioz\u00f6nose wurden im Rahmen der Unterrichtsprojekte zum \"Modell-Wald\u00f6kosystem Rumbecker Holz\" praktisch untersucht und die gesammelten Untersuchungsdaten f\u00fcr die Nutzung in der Schule anschaulich aufbereitet. In einer thematischen Auflistung sind die vorhandenen Untersuchungsdaten, Grafiken und Bilder zu den entsprechenden Projekt-Seiten mittels Links einsehbar. Zus\u00e4tzlich werden zu einzelnen biotischen Beziehungen die vorhandenen Zusammenstellungen im Themenarchiv bereitgestellt. Auf diese Weise kann am Beispiel \"Rumbecker Holz\" anschaulich die enorme Komplexit\u00e4t und Vielfalt in Struktur und Funktion eines \u00d6kosystems der Heimatregion deutlich werden.<\/p>\n<h5 style=\"text-align: center;\"><a href=\"https:\/\/www.natur-erforschen.net\/themenarchiv\/themen\/lebensraum\/beziehungen-biotop-biozoenose.html\/\">Beispiele und Untersuchungsdaten zu Beziehungen zwischen abiotischen Standortfaktoren und Organismen im \u00d6kosystem Rumbecker Holz<\/a><\/h5>\n<h5 style=\"text-align: center;\"><a href=\"https:\/\/www.natur-erforschen.net\/themenarchiv\/themen\/lebensraum\/beziehungen-innerhalb-der-biozoenose.html\/\">Beispiele und Untersuchungsdaten zu Beziehungen zwischen Organismen innerhalb der Bioz\u00f6nose des \u00d6kosystems Rumbecker Holz<\/a><\/h5>\n<\/p><\/div>\n<\/p><\/div>\n<p><!-- .dslc-module -->\n\t\t<\/div>\n<\/div>\n<\/div>\n<\/div>\n<\/div>\n<\/div><\/div>","protected":false},"excerpt":{"rendered":"<p>Das \u00d6kosystem am Beispiel eines Laubwalds Zusammenstellung von Heinrich Blana Alle Lebewesen leben nicht f\u00fcr sich allein, sondern sind in ihrem Lebensraum direkt oder indirekt in eine Vielzahl von Beziehungen und Abh\u00e4ngigkeiten eingebunden. Sie sind funktionaler Teil von mindestens einem \u00d6kosystems. Begriffserkl\u00e4rungen Das \u00d6kosystem \u201eEin \u00d6kosystem ist ein von Lebewesen und deren anorganische Umwelt gebildetes [&hellip;]<\/p>\n","protected":false},"author":1,"featured_media":0,"parent":392,"menu_order":1,"comment_status":"closed","ping_status":"closed","template":"","meta":{"footnotes":""},"class_list":["post-61","page","type-page","status-publish","hentry","wpbf-post"],"_links":{"self":[{"href":"https:\/\/www.natur-erforschen.net\/themenarchiv\/wp-json\/wp\/v2\/pages\/61","targetHints":{"allow":["GET"]}}],"collection":[{"href":"https:\/\/www.natur-erforschen.net\/themenarchiv\/wp-json\/wp\/v2\/pages"}],"about":[{"href":"https:\/\/www.natur-erforschen.net\/themenarchiv\/wp-json\/wp\/v2\/types\/page"}],"author":[{"embeddable":true,"href":"https:\/\/www.natur-erforschen.net\/themenarchiv\/wp-json\/wp\/v2\/users\/1"}],"replies":[{"embeddable":true,"href":"https:\/\/www.natur-erforschen.net\/themenarchiv\/wp-json\/wp\/v2\/comments?post=61"}],"version-history":[{"count":2,"href":"https:\/\/www.natur-erforschen.net\/themenarchiv\/wp-json\/wp\/v2\/pages\/61\/revisions"}],"predecessor-version":[{"id":1467,"href":"https:\/\/www.natur-erforschen.net\/themenarchiv\/wp-json\/wp\/v2\/pages\/61\/revisions\/1467"}],"up":[{"embeddable":true,"href":"https:\/\/www.natur-erforschen.net\/themenarchiv\/wp-json\/wp\/v2\/pages\/392"}],"wp:attachment":[{"href":"https:\/\/www.natur-erforschen.net\/themenarchiv\/wp-json\/wp\/v2\/media?parent=61"}],"curies":[{"name":"wp","href":"https:\/\/api.w.org\/{rel}","templated":true}]}}