{"id":734,"date":"2020-08-10T12:31:48","date_gmt":"2020-08-10T10:31:48","guid":{"rendered":"https:\/\/www.natur-erforschen.net\/themenarchiv\/?page_id=734"},"modified":"2021-01-20T11:08:38","modified_gmt":"2021-01-20T10:08:38","slug":"waldveilchen","status":"publish","type":"page","link":"https:\/\/www.natur-erforschen.net\/themenarchiv\/themen\/phaenologie\/phaenologische-entwicklung-von-pflanzen-im-laubwald-2\/bildergalerien-phaenologie\/waldveilchen.html","title":{"rendered":"Waldveilchen"},"content":{"rendered":"<div id=\"dslc-theme-content\"><div id=\"dslc-theme-content-inner\"><div id=\"dslc-content\" class=\"dslc-content dslc-clearfix\">\n<div id=\"dslc-main\">\n<div  class=\"dslc-modules-section \" style=\"\" data-section-id=\"3d1a1ca2896\">\n<div class=\"dslc-modules-section-wrapper dslc-clearfix\">\n<style type=\"text\/css\" id=\"dslca-modules-area-\"><\/style>\n<div  class=\"dslc-modules-area dslc-col dslc-12-col dslc-last-col dslc-valign- \" data-size=\"12\" data-valign=\"\" data-modules-area-id=\"\" >\n<div id=\"dslc-module-2df829f4294\" class=\"dslc-module-front dslc-module-DSLC_Text_Simple dslc-in-viewport-check dslc-in-viewport-anim-none  dslc-col dslc-12-col dslc-last-col  dslc-module-handle-like-regular \" data-module-id=\"2df829f4294\" data-module=\"DSLC_Text_Simple\" data-dslc-module-size=\"12\" data-dslc-anim=\"none\" data-dslc-anim-delay=\"\" data-dslc-anim-duration=\"650\"  data-dslc-anim-easing=\"ease\" data-dslc-preset=\"none\" >\n<div class=\"dslc-text-module-content\">\n<h3 style=\"text-align: center;\">Nr. 13\u00a0 Wald<b>veilchen <\/b>(<i>Viola reichenbachiana<\/i>)<\/h3>\n<h4 style=\"text-align: center;\">Familie Veilchengew\u00e4chse<\/h4>\n<p style=\"text-align: center;\">Standort: krautreiche Laub- und Mischw\u00e4lder auf n\u00e4hrstoffreichen, basischen B\u00f6den; Schattenpflanze<\/p>\n<p>\u00a0<\/p>\n<style type=\"text\/css\">\n#foogallery-gallery-599 .fg-image { width: 160px; }\n#foogallery-gallery-599 { --fg-gutter: 20px; }<\/style>\n\t\t\t<div class=\"foogallery foogallery-container foogallery-default foogallery-lightbox-foobox fg-center fg-default fg-ready fg-light fg-round-small fg-loading-default fg-loaded-fade-in fg-caption-hover fg-hover-fade fg-hover-zoom\" id=\"foogallery-gallery-599\" data-foogallery=\"{&quot;item&quot;:{&quot;showCaptionTitle&quot;:true,&quot;showCaptionDescription&quot;:true},&quot;lazy&quot;:true}\" style=\"--fg-title-line-clamp: 0; --fg-description-line-clamp: 0;\" >\n\t<div class=\"fg-item fg-type-image fg-idle\"><figure class=\"fg-item-inner\"><a href=\"https:\/\/www.natur-erforschen.net\/themenarchiv\/wp-content\/uploads\/2020\/08\/waldveilchen_1.jpg\" data-caption-title=\"Waldveilchen\" data-caption-desc=\"Waldveilchen\" data-attachment-id=\"600\" data-type=\"image\" class=\"fg-thumb\"><span class=\"fg-image-wrap\"><img decoding=\"async\" title=\"Waldveilchen\" width=\"160\" height=\"160\" class=\"skip-lazy fg-image\" data-src-fg=\"https:\/\/www.natur-erforschen.net\/themenarchiv\/wp-content\/uploads\/cache\/2020\/08\/waldveilchen_1\/3792380377.jpg\" src=\"data:image\/svg+xml,%3Csvg%20xmlns%3D%22http%3A%2F%2Fwww.w3.org%2F2000%2Fsvg%22%20width%3D%22160%22%20height%3D%22160%22%20viewBox%3D%220%200%20160%20160%22%3E%3C%2Fsvg%3E\" loading=\"eager\"><\/span><span class=\"fg-image-overlay\"><\/span><\/a><figcaption class=\"fg-caption\"><div class=\"fg-caption-inner\"><div class=\"fg-caption-desc\">Waldveilchen<\/div><\/div><\/figcaption><\/figure><div class=\"fg-loader\"><\/div><\/div><div class=\"fg-item fg-type-image fg-idle\"><figure class=\"fg-item-inner\"><a href=\"https:\/\/www.natur-erforschen.net\/themenarchiv\/wp-content\/uploads\/2020\/08\/waldveilchen_2.jpg\" data-caption-title=\"Waldveilchen\" data-caption-desc=\"Waldveilchen\" data-attachment-id=\"601\" data-type=\"image\" class=\"fg-thumb\"><span class=\"fg-image-wrap\"><img decoding=\"async\" title=\"Waldveilchen\" width=\"160\" height=\"160\" class=\"skip-lazy fg-image\" data-src-fg=\"https:\/\/www.natur-erforschen.net\/themenarchiv\/wp-content\/uploads\/cache\/2020\/08\/waldveilchen_2\/904440763.jpg\" src=\"data:image\/svg+xml,%3Csvg%20xmlns%3D%22http%3A%2F%2Fwww.w3.org%2F2000%2Fsvg%22%20width%3D%22160%22%20height%3D%22160%22%20viewBox%3D%220%200%20160%20160%22%3E%3C%2Fsvg%3E\" loading=\"eager\"><\/span><span class=\"fg-image-overlay\"><\/span><\/a><figcaption class=\"fg-caption\"><div class=\"fg-caption-inner\"><div class=\"fg-caption-desc\">Waldveilchen<\/div><\/div><\/figcaption><\/figure><div class=\"fg-loader\"><\/div><\/div><div class=\"fg-item fg-type-image fg-idle\"><figure class=\"fg-item-inner\"><a href=\"https:\/\/www.natur-erforschen.net\/themenarchiv\/wp-content\/uploads\/2020\/08\/waldveilchen_3-scaled.jpg\" data-caption-title=\"Waldveilchen\" data-caption-desc=\"Waldveilchen\" data-attachment-id=\"602\" data-type=\"image\" class=\"fg-thumb\"><span class=\"fg-image-wrap\"><img decoding=\"async\" title=\"Waldveilchen\" width=\"160\" height=\"160\" class=\"skip-lazy fg-image\" data-src-fg=\"https:\/\/www.natur-erforschen.net\/themenarchiv\/wp-content\/uploads\/cache\/2020\/08\/waldveilchen_3-scaled\/2909352811.jpg\" src=\"data:image\/svg+xml,%3Csvg%20xmlns%3D%22http%3A%2F%2Fwww.w3.org%2F2000%2Fsvg%22%20width%3D%22160%22%20height%3D%22160%22%20viewBox%3D%220%200%20160%20160%22%3E%3C%2Fsvg%3E\" loading=\"eager\"><\/span><span class=\"fg-image-overlay\"><\/span><\/a><figcaption class=\"fg-caption\"><div class=\"fg-caption-inner\"><div class=\"fg-caption-desc\">Waldveilchen<\/div><\/div><\/figcaption><\/figure><div class=\"fg-loader\"><\/div><\/div><div class=\"fg-item fg-type-image fg-idle\"><figure class=\"fg-item-inner\"><a href=\"https:\/\/www.natur-erforschen.net\/themenarchiv\/wp-content\/uploads\/2020\/08\/waldveilchen_4.jpg\" data-caption-title=\"Waldveilchen\" data-caption-desc=\"Waldveilchen\" data-attachment-id=\"603\" data-type=\"image\" class=\"fg-thumb\"><span class=\"fg-image-wrap\"><img decoding=\"async\" title=\"Waldveilchen\" width=\"160\" height=\"160\" class=\"skip-lazy fg-image\" data-src-fg=\"https:\/\/www.natur-erforschen.net\/themenarchiv\/wp-content\/uploads\/cache\/2020\/08\/waldveilchen_4\/1096726846.jpg\" src=\"data:image\/svg+xml,%3Csvg%20xmlns%3D%22http%3A%2F%2Fwww.w3.org%2F2000%2Fsvg%22%20width%3D%22160%22%20height%3D%22160%22%20viewBox%3D%220%200%20160%20160%22%3E%3C%2Fsvg%3E\" loading=\"eager\"><\/span><span class=\"fg-image-overlay\"><\/span><\/a><figcaption class=\"fg-caption\"><div class=\"fg-caption-inner\"><div class=\"fg-caption-desc\">Waldveilchen<\/div><\/div><\/figcaption><\/figure><div class=\"fg-loader\"><\/div><\/div><div class=\"fg-item fg-type-image fg-idle\"><figure class=\"fg-item-inner\"><a href=\"https:\/\/www.natur-erforschen.net\/themenarchiv\/wp-content\/uploads\/2020\/08\/waldveilchen_5.jpg\" data-caption-title=\"Waldveilchen\" data-caption-desc=\"Waldveilchen\" data-attachment-id=\"604\" data-type=\"image\" class=\"fg-thumb\"><span class=\"fg-image-wrap\"><img decoding=\"async\" title=\"Waldveilchen\" width=\"160\" height=\"160\" class=\"skip-lazy fg-image\" data-src-fg=\"https:\/\/www.natur-erforschen.net\/themenarchiv\/wp-content\/uploads\/cache\/2020\/08\/waldveilchen_5\/3632406374.jpg\" src=\"data:image\/svg+xml,%3Csvg%20xmlns%3D%22http%3A%2F%2Fwww.w3.org%2F2000%2Fsvg%22%20width%3D%22160%22%20height%3D%22160%22%20viewBox%3D%220%200%20160%20160%22%3E%3C%2Fsvg%3E\" loading=\"eager\"><\/span><span class=\"fg-image-overlay\"><\/span><\/a><figcaption class=\"fg-caption\"><div class=\"fg-caption-inner\"><div class=\"fg-caption-desc\">Waldveilchen<\/div><\/div><\/figcaption><\/figure><div class=\"fg-loader\"><\/div><\/div><\/div>\n\n<\/p><\/div>\n<\/p><\/div>\n<p><!-- .dslc-module -->\n\t\t<\/div>\n<\/div>\n<\/div>\n<\/div>\n<\/div>\n<\/div><\/div>","protected":false},"excerpt":{"rendered":"<p>Nr. 13\u00a0 Waldveilchen (Viola reichenbachiana) Familie Veilchengew\u00e4chse Standort: krautreiche Laub- und Mischw\u00e4lder auf n\u00e4hrstoffreichen, basischen B\u00f6den; Schattenpflanze \u00a0<\/p>\n","protected":false},"author":1,"featured_media":0,"parent":333,"menu_order":12,"comment_status":"closed","ping_status":"closed","template":"page-templates\/page_composer.php","meta":{"footnotes":""},"class_list":["post-734","page","type-page","status-publish","hentry","wpbf-post"],"_links":{"self":[{"href":"https:\/\/www.natur-erforschen.net\/themenarchiv\/wp-json\/wp\/v2\/pages\/734","targetHints":{"allow":["GET"]}}],"collection":[{"href":"https:\/\/www.natur-erforschen.net\/themenarchiv\/wp-json\/wp\/v2\/pages"}],"about":[{"href":"https:\/\/www.natur-erforschen.net\/themenarchiv\/wp-json\/wp\/v2\/types\/page"}],"author":[{"embeddable":true,"href":"https:\/\/www.natur-erforschen.net\/themenarchiv\/wp-json\/wp\/v2\/users\/1"}],"replies":[{"embeddable":true,"href":"https:\/\/www.natur-erforschen.net\/themenarchiv\/wp-json\/wp\/v2\/comments?post=734"}],"version-history":[{"count":1,"href":"https:\/\/www.natur-erforschen.net\/themenarchiv\/wp-json\/wp\/v2\/pages\/734\/revisions"}],"predecessor-version":[{"id":735,"href":"https:\/\/www.natur-erforschen.net\/themenarchiv\/wp-json\/wp\/v2\/pages\/734\/revisions\/735"}],"up":[{"embeddable":true,"href":"https:\/\/www.natur-erforschen.net\/themenarchiv\/wp-json\/wp\/v2\/pages\/333"}],"wp:attachment":[{"href":"https:\/\/www.natur-erforschen.net\/themenarchiv\/wp-json\/wp\/v2\/media?parent=734"}],"curies":[{"name":"wp","href":"https:\/\/api.w.org\/{rel}","templated":true}]}}