{"id":74,"date":"2018-07-20T17:40:33","date_gmt":"2018-07-20T15:40:33","guid":{"rendered":"https:\/\/www.natur-erforschen.net\/themenarchiv\/?page_id=74"},"modified":"2021-11-05T21:09:12","modified_gmt":"2021-11-05T20:09:12","slug":"aspektfolge-bockkaefer","status":"publish","type":"page","link":"https:\/\/www.natur-erforschen.net\/themenarchiv\/themen\/phaenologie\/aspektfolge-bockkaefer.html","title":{"rendered":"Aspektfolge Bockk\u00e4fer"},"content":{"rendered":"<div id=\"dslc-theme-content\"><div id=\"dslc-theme-content-inner\"><div id=\"dslc-content\" class=\"dslc-content dslc-clearfix\">\n<div id=\"dslc-main\">\n<div  class=\"dslc-modules-section \" style=\"\" data-section-id=\"7a77bba98fd\">\n<div class=\"dslc-modules-section-wrapper dslc-clearfix\">\n<style type=\"text\/css\" id=\"dslca-modules-area-\"><\/style>\n<div  class=\"dslc-modules-area dslc-col dslc-12-col dslc-last-col dslc-valign- \" data-size=\"12\" data-valign=\"\" data-modules-area-id=\"\" >\n<div id=\"dslc-module-f0378529b36\" class=\"dslc-module-front dslc-module-DSLC_Text_Simple dslc-in-viewport-check dslc-in-viewport-anim-none  dslc-col dslc-12-col dslc-last-col  dslc-module-handle-like-regular \" data-module-id=\"f0378529b36\" data-module=\"DSLC_Text_Simple\" data-dslc-module-size=\"12\" data-dslc-anim=\"none\" data-dslc-anim-delay=\"\" data-dslc-anim-duration=\"650\"  data-dslc-anim-easing=\"ease\" data-dslc-preset=\"none\" >\n<div class=\"dslc-text-module-content\">\n<h4 style=\"text-align: center;\"><em>Heinrich Blana<\/em><\/h4>\n<h2 style=\"text-align: center;\">Jahreszeitliche Aspektfolge bei bl\u00fctenbesuchenden Bockk\u00e4fern<\/h2>\n<p style=\"text-align: center;\">auf der Basis von Untersuchungsdaten von R. FELDMANN<\/p>\n<p>Bockk\u00e4fer sind im Sauerland und Siegerland verbreitete K\u00e4fer der W\u00e4lder, besonders der Waldr\u00e4nder. Sie sind zwischen Mai und August auf Bl\u00fcten von Str\u00e4uchern und krautigen Pflanzen zu finden. R. FELDMANN f\u00fchrte zwischen 1986 und 1998 umfangreiche Untersuchungen zur Verbreitung, der H\u00e4ufigkeit und dem jahreszeitlichem Erscheinen der Bl\u00fcten besuchenden Bockk\u00e4fer im Sauerland durch, deren Ergebnisse in mehreren Ver\u00f6ffentlichungen zur Verf\u00fcgung stehen (FELDMANN 2001, 2008a, 2008b). Aus der sehr fundierten Datengrundlage l\u00e4sst sich am Beispiel der Gilde bl\u00fctenbesuchender Bockk\u00e4fer eine wiederkehrende jahreszeitliche Abfolge des Auftretens der K\u00e4ferarten, eine Aspektfolge mit einem zeitlich gleitenden Artenwechsel der auf Bl\u00fcten auftretenden Bockk\u00e4fer ableiten. Nach KRATOCHWIL (2001) \"geh\u00f6rt zu einer Gilde eine Gruppe von Arten, welche dieselbe Klasse von Umweltressourcen in \u00e4hnlicher Weise nutzt\", im vorliegenden Fall Bockk\u00e4fer, die zum Nahrungserwerb und zur Partnerfindung bl\u00fchende Pflanzen mit scheiben- und tellerf\u00f6rmigen Bl\u00fcten und Bl\u00fctenst\u00e4nden nutzen (siehe folgende Bildergalerien). Diese j\u00e4hrlich wiederkehrende gleiche Aspektfolge von nahrungs- bzw. fortpflanzungsbiologisch in enger Beziehung stehenden Bl\u00fctenpflanzen und den diese besuchenden und best\u00e4ubenden Bockk\u00e4fern zeigt anschaulich die \u00f6kologische Konplexit\u00e4t ph\u00e4nologischer Ph\u00e4nomene.<\/p>\n<p>Das Beispiel \"Jahreszeitliche Aspektfolge bei bl\u00fctenbesuchenden Bockk\u00e4fern\" wird anschaulich dargestellt:<\/p>\n<ol>\n<li>in Form von <a href=\"https:\/\/www.natur-erforschen.net\/themenarchiv\/themen\/phaenologie\/aspektfolge-bockkaefer\/bildergalerien-aspektfolgen-bockkaefer.html\">Bildergalerien zur Nahrungsaufnahme und zur Paarung von Bockk\u00e4fern auf Bl\u00fcten in der Reihenfolge ihres jahreszeitlichen Auftretens<\/a><\/li>\n<li>in Form von <a href=\"https:\/\/www.natur-erforschen.net\/themenarchiv\/themen\/phaenologie\/aspektfolge-bockkaefer\/jahreszeitliches-auftreten-der-bockkaefer.html\">Grafiken zur Auspr\u00e4gung der Aspektfolge bei Bockk\u00e4fern im Sauerland.<\/a><\/li>\n<\/ol>\n<p>Die hierzu genutzte Fachliteratur ist unter dem Link <a href=\"https:\/\/www.natur-erforschen.net\/themenarchiv\/themen\/phaenologie\/aspektfolge-bockkaefer\/literatur-aspektfolge-bockkaefer.html\">\"Literatur Aspektfolge Bockk\u00e4fer\"<\/a> zusammengestellt.<\/p>\n<p>\u00a0<\/p>\n<\/p><\/div>\n<\/p><\/div>\n<p><!-- .dslc-module -->\n\t\t<\/div>\n<\/div>\n<\/div>\n<\/div>\n<\/div>\n<\/div><\/div>","protected":false},"excerpt":{"rendered":"<p>Heinrich Blana Jahreszeitliche Aspektfolge bei bl\u00fctenbesuchenden Bockk\u00e4fern auf der Basis von Untersuchungsdaten von R. FELDMANN Bockk\u00e4fer sind im Sauerland und Siegerland verbreitete K\u00e4fer der W\u00e4lder, besonders der Waldr\u00e4nder. Sie sind zwischen Mai und August auf Bl\u00fcten von Str\u00e4uchern und krautigen Pflanzen zu finden. R. FELDMANN f\u00fchrte zwischen 1986 und 1998 umfangreiche Untersuchungen zur Verbreitung, der [&hellip;]<\/p>\n","protected":false},"author":1,"featured_media":0,"parent":68,"menu_order":3,"comment_status":"closed","ping_status":"closed","template":"","meta":{"footnotes":""},"class_list":["post-74","page","type-page","status-publish","hentry","wpbf-post"],"_links":{"self":[{"href":"https:\/\/www.natur-erforschen.net\/themenarchiv\/wp-json\/wp\/v2\/pages\/74","targetHints":{"allow":["GET"]}}],"collection":[{"href":"https:\/\/www.natur-erforschen.net\/themenarchiv\/wp-json\/wp\/v2\/pages"}],"about":[{"href":"https:\/\/www.natur-erforschen.net\/themenarchiv\/wp-json\/wp\/v2\/types\/page"}],"author":[{"embeddable":true,"href":"https:\/\/www.natur-erforschen.net\/themenarchiv\/wp-json\/wp\/v2\/users\/1"}],"replies":[{"embeddable":true,"href":"https:\/\/www.natur-erforschen.net\/themenarchiv\/wp-json\/wp\/v2\/comments?post=74"}],"version-history":[{"count":1,"href":"https:\/\/www.natur-erforschen.net\/themenarchiv\/wp-json\/wp\/v2\/pages\/74\/revisions"}],"predecessor-version":[{"id":500,"href":"https:\/\/www.natur-erforschen.net\/themenarchiv\/wp-json\/wp\/v2\/pages\/74\/revisions\/500"}],"up":[{"embeddable":true,"href":"https:\/\/www.natur-erforschen.net\/themenarchiv\/wp-json\/wp\/v2\/pages\/68"}],"wp:attachment":[{"href":"https:\/\/www.natur-erforschen.net\/themenarchiv\/wp-json\/wp\/v2\/media?parent=74"}],"curies":[{"name":"wp","href":"https:\/\/api.w.org\/{rel}","templated":true}]}}