{"id":883,"date":"2020-08-30T19:27:09","date_gmt":"2020-08-30T17:27:09","guid":{"rendered":"https:\/\/www.natur-erforschen.net\/themenarchiv\/?page_id=883"},"modified":"2021-11-05T21:09:12","modified_gmt":"2021-11-05T20:09:12","slug":"literatur-aspektfolge-bockkaefer","status":"publish","type":"page","link":"https:\/\/www.natur-erforschen.net\/themenarchiv\/themen\/phaenologie\/aspektfolge-bockkaefer\/literatur-aspektfolge-bockkaefer.html","title":{"rendered":"Literatur Aspektfolge Bockk\u00e4fer"},"content":{"rendered":"<div id=\"dslc-theme-content\"><div id=\"dslc-theme-content-inner\"><div id=\"dslc-content\" class=\"dslc-content dslc-clearfix\">\n<div id=\"dslc-main\">\n<div  class=\"dslc-modules-section \" style=\"\" data-section-id=\"04bac43599e\">\n<div class=\"dslc-modules-section-wrapper dslc-clearfix\">\n<style type=\"text\/css\" id=\"dslca-modules-area-\"><\/style>\n<div  class=\"dslc-modules-area dslc-col dslc-12-col dslc-last-col dslc-valign- \" data-size=\"12\" data-valign=\"\" data-modules-area-id=\"\" >\n<div id=\"dslc-module-ee8889b190f\" class=\"dslc-module-front dslc-module-DSLC_Text_Simple dslc-in-viewport-check dslc-in-viewport-anim-none  dslc-col dslc-12-col dslc-last-col  dslc-module-handle-like-regular \" data-module-id=\"ee8889b190f\" data-module=\"DSLC_Text_Simple\" data-dslc-module-size=\"12\" data-dslc-anim=\"none\" data-dslc-anim-delay=\"\" data-dslc-anim-duration=\"650\"  data-dslc-anim-easing=\"ease\" data-dslc-preset=\"none\" >\n<div class=\"dslc-text-module-content\">\n<h4>Benutzte Fachliteratur zur Aspektfolge der Bockk\u00e4fer<\/h4>\n<p>FELDMANN, R. (2001): Die Gilde der bl\u00fctenbesuchenden Bockk\u00e4fer (Coleoptera, Cerambycidae) im s\u00fcdwestf\u00e4lischen Bergland. Decheniana (Bonn) 154: 51-79<\/p>\n<p>FELDMANN, R. (2008a): Bl\u00fctenbesuchende Bockk\u00e4fer (Coleoptera, Cerambycidae) in den Wiesent\u00e4lern des Sauerlands. Entomologische Nachrichten und Berichte 52: 119-128<\/p>\n<p>FELDMANN, R. (2008b): Bockk\u00e4ferfauna S\u00fcdwestfalens \u2013 Ergebnisse einer Langzeitstudie im s\u00fcdwestwestf\u00e4lischen Bergland. Natur in NRW 4\/08: 22-26<\/p>\n<p>KRATOCHWIL, A. & A. SCHWABE (2001): \u00d6kologie der Lebensgemeinschaften. Ulmer Verlag Stuttgart: 92ff<\/p>\n<p>\u00a0<\/p>\n<h4>Bildquellen<\/h4>\n<p>Alle Bilder und Grafiken wurden vom Autor erstellt<\/p>\n<\/p><\/div>\n<\/p><\/div>\n<p><!-- .dslc-module -->\n\t\t<\/div>\n<\/div>\n<\/div>\n<\/div>\n<\/div>\n<\/div><\/div>","protected":false},"excerpt":{"rendered":"<p>Benutzte Fachliteratur zur Aspektfolge der Bockk\u00e4fer FELDMANN, R. (2001): Die Gilde der bl\u00fctenbesuchenden Bockk\u00e4fer (Coleoptera, Cerambycidae) im s\u00fcdwestf\u00e4lischen Bergland. Decheniana (Bonn) 154: 51-79 FELDMANN, R. (2008a): Bl\u00fctenbesuchende Bockk\u00e4fer (Coleoptera, Cerambycidae) in den Wiesent\u00e4lern des Sauerlands. Entomologische Nachrichten und Berichte 52: 119-128 FELDMANN, R. (2008b): Bockk\u00e4ferfauna S\u00fcdwestfalens \u2013 Ergebnisse einer Langzeitstudie im s\u00fcdwestwestf\u00e4lischen Bergland. Natur in [&hellip;]<\/p>\n","protected":false},"author":1,"featured_media":0,"parent":74,"menu_order":2,"comment_status":"closed","ping_status":"closed","template":"","meta":{"footnotes":""},"class_list":["post-883","page","type-page","status-publish","hentry","wpbf-post"],"_links":{"self":[{"href":"https:\/\/www.natur-erforschen.net\/themenarchiv\/wp-json\/wp\/v2\/pages\/883","targetHints":{"allow":["GET"]}}],"collection":[{"href":"https:\/\/www.natur-erforschen.net\/themenarchiv\/wp-json\/wp\/v2\/pages"}],"about":[{"href":"https:\/\/www.natur-erforschen.net\/themenarchiv\/wp-json\/wp\/v2\/types\/page"}],"author":[{"embeddable":true,"href":"https:\/\/www.natur-erforschen.net\/themenarchiv\/wp-json\/wp\/v2\/users\/1"}],"replies":[{"embeddable":true,"href":"https:\/\/www.natur-erforschen.net\/themenarchiv\/wp-json\/wp\/v2\/comments?post=883"}],"version-history":[{"count":1,"href":"https:\/\/www.natur-erforschen.net\/themenarchiv\/wp-json\/wp\/v2\/pages\/883\/revisions"}],"predecessor-version":[{"id":884,"href":"https:\/\/www.natur-erforschen.net\/themenarchiv\/wp-json\/wp\/v2\/pages\/883\/revisions\/884"}],"up":[{"embeddable":true,"href":"https:\/\/www.natur-erforschen.net\/themenarchiv\/wp-json\/wp\/v2\/pages\/74"}],"wp:attachment":[{"href":"https:\/\/www.natur-erforschen.net\/themenarchiv\/wp-json\/wp\/v2\/media?parent=883"}],"curies":[{"name":"wp","href":"https:\/\/api.w.org\/{rel}","templated":true}]}}