{"id":960,"date":"2021-02-07T17:17:53","date_gmt":"2021-02-07T16:17:53","guid":{"rendered":"https:\/\/www.natur-erforschen.net\/themenarchiv\/?page_id=960"},"modified":"2021-02-07T17:17:53","modified_gmt":"2021-02-07T16:17:53","slug":"3-schwarzerle","status":"publish","type":"page","link":"https:\/\/www.natur-erforschen.net\/themenarchiv\/themen\/phaenologie\/phaenologische-entwicklung-von-pflanzen-im-laubwald-2\/bildergalerie-ausgewaehlter-pflanzenarten-der-strauch-und-baumschicht\/3-schwarzerle.html","title":{"rendered":"3 Schwarzerle"},"content":{"rendered":"<div id=\"dslc-theme-content\"><div id=\"dslc-theme-content-inner\"><div id=\"dslc-content\" class=\"dslc-content dslc-clearfix\">\n<div id=\"dslc-main\">\n<div  class=\"dslc-modules-section \" style=\"\" data-section-id=\"6fb6ef413bf\">\n<div class=\"dslc-modules-section-wrapper dslc-clearfix\">\n<style type=\"text\/css\" id=\"dslca-modules-area-\"><\/style>\n<div  class=\"dslc-modules-area dslc-col dslc-12-col dslc-last-col dslc-valign- \" data-size=\"12\" data-valign=\"\" data-modules-area-id=\"\" >\n<div id=\"dslc-module-cdadb548ec1\" class=\"dslc-module-front dslc-module-DSLC_Text_Simple dslc-in-viewport-check dslc-in-viewport-anim-none  dslc-col dslc-12-col dslc-last-col  dslc-module-handle-like-regular \" data-module-id=\"cdadb548ec1\" data-module=\"DSLC_Text_Simple\" data-dslc-module-size=\"12\" data-dslc-anim=\"none\" data-dslc-anim-delay=\"\" data-dslc-anim-duration=\"650\"  data-dslc-anim-easing=\"ease\" data-dslc-preset=\"none\" >\n<div class=\"dslc-text-module-content\">\n<h3 style=\"text-align: center;\">Nr. 3\u00a0 <b>Schwarzerle <\/b>(<i>Alnus glutinosa<\/i>)<\/h3>\n<h4 style=\"text-align: center;\">Familie Birkengew\u00e4chse<\/h4>\n<p style=\"text-align: center;\">Standort: Auw\u00e4lder, bachbegleitende Saumgeh\u00f6lze, Moorgeb\u00fcsche; auf n\u00e4hrstoffreichen, m\u00e4\u00dfig sauren, nassen B\u00f6den; Lichtpflanze<\/p>\n<p style=\"text-align: center;\">Wuchs: Baum bis 25 m H\u00f6he<\/p>\n<style type=\"text\/css\">\n#foogallery-gallery-1068 .fg-image { width: 160px; }\n#foogallery-gallery-1068 { --fg-gutter: 20px; }<\/style>\n\t\t\t<div class=\"foogallery foogallery-container foogallery-default foogallery-lightbox-foobox fg-center fg-default fg-ready fg-light fg-round-small fg-loading-default fg-loaded-fade-in fg-caption-hover fg-hover-fade fg-hover-zoom\" id=\"foogallery-gallery-1068\" data-foogallery=\"{&quot;item&quot;:{&quot;showCaptionTitle&quot;:true,&quot;showCaptionDescription&quot;:true},&quot;lazy&quot;:true}\" style=\"--fg-title-line-clamp: 0; --fg-description-line-clamp: 0;\" >\n\t<div class=\"fg-item fg-type-image fg-idle\"><figure class=\"fg-item-inner\"><a href=\"https:\/\/www.natur-erforschen.net\/themenarchiv\/wp-content\/uploads\/2021\/02\/schwarzerle_1_1280.jpg\" data-caption-title=\"Schwarzerle\" data-caption-desc=\"Laubbl\u00e4tter, Anfang Mai\" data-attachment-id=\"1069\" data-type=\"image\" class=\"fg-thumb\"><span class=\"fg-image-wrap\"><img decoding=\"async\" title=\"Laubbl\u00e4tter, Anfang Mai\" width=\"160\" height=\"160\" class=\"skip-lazy fg-image\" data-src-fg=\"https:\/\/www.natur-erforschen.net\/themenarchiv\/wp-content\/uploads\/cache\/2021\/02\/schwarzerle_1_1280\/2320062082.jpg\" src=\"data:image\/svg+xml,%3Csvg%20xmlns%3D%22http%3A%2F%2Fwww.w3.org%2F2000%2Fsvg%22%20width%3D%22160%22%20height%3D%22160%22%20viewBox%3D%220%200%20160%20160%22%3E%3C%2Fsvg%3E\" loading=\"eager\"><\/span><span class=\"fg-image-overlay\"><\/span><\/a><figcaption class=\"fg-caption\"><div class=\"fg-caption-inner\"><div class=\"fg-caption-title\">Schwarzerle<\/div><div class=\"fg-caption-desc\">Laubbl\u00e4tter, Anfang Mai<\/div><\/div><\/figcaption><\/figure><div class=\"fg-loader\"><\/div><\/div><div class=\"fg-item fg-type-image fg-idle\"><figure class=\"fg-item-inner\"><a href=\"https:\/\/www.natur-erforschen.net\/themenarchiv\/wp-content\/uploads\/2021\/02\/schwarzerle_2_1280-scaled.jpg\" data-caption-title=\"Schwarzerle\" data-caption-desc=\"M\u00e4nnlicher Bl\u00fctenstand, Anfang M\u00e4rz\" data-attachment-id=\"1070\" data-type=\"image\" class=\"fg-thumb\"><span class=\"fg-image-wrap\"><img decoding=\"async\" title=\"M\u00e4nnlicher Bl\u00fctenstand, Anfang M\u00e4rz\" width=\"160\" height=\"160\" class=\"skip-lazy fg-image\" data-src-fg=\"https:\/\/www.natur-erforschen.net\/themenarchiv\/wp-content\/uploads\/cache\/2021\/02\/schwarzerle_2_1280-scaled\/564318505.jpg\" src=\"data:image\/svg+xml,%3Csvg%20xmlns%3D%22http%3A%2F%2Fwww.w3.org%2F2000%2Fsvg%22%20width%3D%22160%22%20height%3D%22160%22%20viewBox%3D%220%200%20160%20160%22%3E%3C%2Fsvg%3E\" loading=\"eager\"><\/span><span class=\"fg-image-overlay\"><\/span><\/a><figcaption class=\"fg-caption\"><div class=\"fg-caption-inner\"><div class=\"fg-caption-title\">Schwarzerle<\/div><div class=\"fg-caption-desc\">M\u00e4nnlicher Bl\u00fctenstand, Anfang M\u00e4rz<\/div><\/div><\/figcaption><\/figure><div class=\"fg-loader\"><\/div><\/div><div class=\"fg-item fg-type-image fg-idle\"><figure class=\"fg-item-inner\"><a href=\"https:\/\/www.natur-erforschen.net\/themenarchiv\/wp-content\/uploads\/2021\/02\/schwarzerle_3_1280.jpg\" data-caption-title=\"Schwarzerle\" data-caption-desc=\"Weiblicher Bl\u00fctenstand, Anfang M\u00e4rz\" data-attachment-id=\"1071\" data-type=\"image\" class=\"fg-thumb\"><span class=\"fg-image-wrap\"><img decoding=\"async\" title=\"Weiblicher Bl\u00fctenstand, Anfang M\u00e4rz\" width=\"160\" height=\"160\" class=\"skip-lazy fg-image\" data-src-fg=\"https:\/\/www.natur-erforschen.net\/themenarchiv\/wp-content\/uploads\/cache\/2021\/02\/schwarzerle_3_1280\/2890662460.jpg\" src=\"data:image\/svg+xml,%3Csvg%20xmlns%3D%22http%3A%2F%2Fwww.w3.org%2F2000%2Fsvg%22%20width%3D%22160%22%20height%3D%22160%22%20viewBox%3D%220%200%20160%20160%22%3E%3C%2Fsvg%3E\" loading=\"eager\"><\/span><span class=\"fg-image-overlay\"><\/span><\/a><figcaption class=\"fg-caption\"><div class=\"fg-caption-inner\"><div class=\"fg-caption-title\">Schwarzerle<\/div><div class=\"fg-caption-desc\">Weiblicher Bl\u00fctenstand, Anfang M\u00e4rz<\/div><\/div><\/figcaption><\/figure><div class=\"fg-loader\"><\/div><\/div><div class=\"fg-item fg-type-image fg-idle\"><figure class=\"fg-item-inner\"><a href=\"https:\/\/www.natur-erforschen.net\/themenarchiv\/wp-content\/uploads\/2021\/02\/schwarzerle_4_1280.jpg\" data-caption-title=\"Schwarzerle\" data-caption-desc=\"Anlage eines weiblicher Bl\u00fctenstand f\u00fcr das kommende Jahr, Ende Juni\" data-attachment-id=\"1072\" data-type=\"image\" class=\"fg-thumb\"><span class=\"fg-image-wrap\"><img decoding=\"async\" title=\"Anlage eines weiblicher Bl\u00fctenstand f\u00fcr das kommende Jahr, Ende Juni\" width=\"160\" height=\"160\" class=\"skip-lazy fg-image\" data-src-fg=\"https:\/\/www.natur-erforschen.net\/themenarchiv\/wp-content\/uploads\/cache\/2021\/02\/schwarzerle_4_1280\/3243075202.jpg\" src=\"data:image\/svg+xml,%3Csvg%20xmlns%3D%22http%3A%2F%2Fwww.w3.org%2F2000%2Fsvg%22%20width%3D%22160%22%20height%3D%22160%22%20viewBox%3D%220%200%20160%20160%22%3E%3C%2Fsvg%3E\" loading=\"eager\"><\/span><span class=\"fg-image-overlay\"><\/span><\/a><figcaption class=\"fg-caption\"><div class=\"fg-caption-inner\"><div class=\"fg-caption-title\">Schwarzerle<\/div><div class=\"fg-caption-desc\">Anlage eines weiblicher Bl\u00fctenstand f\u00fcr das kommende Jahr, Ende Juni<\/div><\/div><\/figcaption><\/figure><div class=\"fg-loader\"><\/div><\/div><div class=\"fg-item fg-type-image fg-idle\"><figure class=\"fg-item-inner\"><a href=\"https:\/\/www.natur-erforschen.net\/themenarchiv\/wp-content\/uploads\/2021\/02\/schwarzerle_blattkaefer_1_1280.jpg\" data-caption-title=\"Schwarzerle\" data-caption-desc=\"Erlenblattk\u00e4fer, Anfang Juni\" data-attachment-id=\"1073\" data-type=\"image\" class=\"fg-thumb\"><span class=\"fg-image-wrap\"><img decoding=\"async\" title=\"Erlenblattk\u00e4fer, Anfang Juni\" width=\"160\" height=\"160\" class=\"skip-lazy fg-image\" data-src-fg=\"https:\/\/www.natur-erforschen.net\/themenarchiv\/wp-content\/uploads\/cache\/2021\/02\/schwarzerle_blattkaefer_1_1280\/4033441503.jpg\" src=\"data:image\/svg+xml,%3Csvg%20xmlns%3D%22http%3A%2F%2Fwww.w3.org%2F2000%2Fsvg%22%20width%3D%22160%22%20height%3D%22160%22%20viewBox%3D%220%200%20160%20160%22%3E%3C%2Fsvg%3E\" loading=\"eager\"><\/span><span class=\"fg-image-overlay\"><\/span><\/a><figcaption class=\"fg-caption\"><div class=\"fg-caption-inner\"><div class=\"fg-caption-title\">Schwarzerle<\/div><div class=\"fg-caption-desc\">Erlenblattk\u00e4fer, Anfang Juni<\/div><\/div><\/figcaption><\/figure><div class=\"fg-loader\"><\/div><\/div><div class=\"fg-item fg-type-image fg-idle\"><figure class=\"fg-item-inner\"><a href=\"https:\/\/www.natur-erforschen.net\/themenarchiv\/wp-content\/uploads\/2021\/02\/schwarzerle_blattkaefer_2_1280.jpg\" data-caption-title=\"Schwarzerle\" data-caption-desc=\"Erlenblattk\u00e4fer Paarung, Ende Mai\" data-attachment-id=\"1074\" data-type=\"image\" class=\"fg-thumb\"><span class=\"fg-image-wrap\"><img decoding=\"async\" title=\"Erlenblattk\u00e4fer Paarung, Ende Mai\" width=\"160\" height=\"160\" class=\"skip-lazy fg-image\" data-src-fg=\"https:\/\/www.natur-erforschen.net\/themenarchiv\/wp-content\/uploads\/cache\/2021\/02\/schwarzerle_blattkaefer_2_1280\/1439426091.jpg\" src=\"data:image\/svg+xml,%3Csvg%20xmlns%3D%22http%3A%2F%2Fwww.w3.org%2F2000%2Fsvg%22%20width%3D%22160%22%20height%3D%22160%22%20viewBox%3D%220%200%20160%20160%22%3E%3C%2Fsvg%3E\" loading=\"eager\"><\/span><span class=\"fg-image-overlay\"><\/span><\/a><figcaption class=\"fg-caption\"><div class=\"fg-caption-inner\"><div class=\"fg-caption-title\">Schwarzerle<\/div><div class=\"fg-caption-desc\">Erlenblattk\u00e4fer Paarung, Ende Mai<\/div><\/div><\/figcaption><\/figure><div class=\"fg-loader\"><\/div><\/div><div class=\"fg-item fg-type-image fg-idle\"><figure class=\"fg-item-inner\"><a href=\"https:\/\/www.natur-erforschen.net\/themenarchiv\/wp-content\/uploads\/2021\/02\/schwarzerle_blattkaefer_3_1280.jpg\" data-caption-title=\"Schwarzerle\" data-caption-desc=\"Erlenblattk\u00e4fer Eigelege, Mitte Juni\" data-attachment-id=\"1075\" data-type=\"image\" class=\"fg-thumb\"><span class=\"fg-image-wrap\"><img decoding=\"async\" title=\"Erlenblattk\u00e4fer Eigelege, Mitte Juni\" width=\"160\" height=\"160\" class=\"skip-lazy fg-image\" data-src-fg=\"https:\/\/www.natur-erforschen.net\/themenarchiv\/wp-content\/uploads\/cache\/2021\/02\/schwarzerle_blattkaefer_3_1280\/132033062.jpg\" src=\"data:image\/svg+xml,%3Csvg%20xmlns%3D%22http%3A%2F%2Fwww.w3.org%2F2000%2Fsvg%22%20width%3D%22160%22%20height%3D%22160%22%20viewBox%3D%220%200%20160%20160%22%3E%3C%2Fsvg%3E\" loading=\"eager\"><\/span><span class=\"fg-image-overlay\"><\/span><\/a><figcaption class=\"fg-caption\"><div class=\"fg-caption-inner\"><div class=\"fg-caption-title\">Schwarzerle<\/div><div class=\"fg-caption-desc\">Erlenblattk\u00e4fer Eigelege, Mitte Juni<\/div><\/div><\/figcaption><\/figure><div class=\"fg-loader\"><\/div><\/div><div class=\"fg-item fg-type-image fg-idle\"><figure class=\"fg-item-inner\"><a href=\"https:\/\/www.natur-erforschen.net\/themenarchiv\/wp-content\/uploads\/2021\/02\/schwarzerle_blattkaefer_4_1280.jpg\" data-caption-title=\"Schwarzerle\" data-caption-desc=\"Erlenblattk\u00e4fer junge Larven, Ende Mai\" data-attachment-id=\"1076\" data-type=\"image\" class=\"fg-thumb\"><span class=\"fg-image-wrap\"><img decoding=\"async\" title=\"Erlenblattk\u00e4fer junge Larven, Ende Mai\" width=\"160\" height=\"160\" class=\"skip-lazy fg-image\" data-src-fg=\"https:\/\/www.natur-erforschen.net\/themenarchiv\/wp-content\/uploads\/cache\/2021\/02\/schwarzerle_blattkaefer_4_1280\/827856039.jpg\" src=\"data:image\/svg+xml,%3Csvg%20xmlns%3D%22http%3A%2F%2Fwww.w3.org%2F2000%2Fsvg%22%20width%3D%22160%22%20height%3D%22160%22%20viewBox%3D%220%200%20160%20160%22%3E%3C%2Fsvg%3E\" loading=\"eager\"><\/span><span class=\"fg-image-overlay\"><\/span><\/a><figcaption class=\"fg-caption\"><div class=\"fg-caption-inner\"><div class=\"fg-caption-title\">Schwarzerle<\/div><div class=\"fg-caption-desc\">Erlenblattk\u00e4fer junge Larven, Ende Mai<\/div><\/div><\/figcaption><\/figure><div class=\"fg-loader\"><\/div><\/div><div class=\"fg-item fg-type-image fg-idle\"><figure class=\"fg-item-inner\"><a href=\"https:\/\/www.natur-erforschen.net\/themenarchiv\/wp-content\/uploads\/2021\/02\/schwarzerle_blattroller_1_1280.jpg\" data-caption-title=\"Schwarzerle\" data-caption-desc=\"Schwarzer Birkenblattroller am Erlenblatt, Mitte Mai\" data-attachment-id=\"1077\" data-type=\"image\" class=\"fg-thumb\"><span class=\"fg-image-wrap\"><img decoding=\"async\" title=\"Schwarzer Birkenblattroller am Erlenblatt, Mitte Mai\" width=\"160\" height=\"160\" class=\"skip-lazy fg-image\" data-src-fg=\"https:\/\/www.natur-erforschen.net\/themenarchiv\/wp-content\/uploads\/cache\/2021\/02\/schwarzerle_blattroller_1_1280\/3856442831.jpg\" src=\"data:image\/svg+xml,%3Csvg%20xmlns%3D%22http%3A%2F%2Fwww.w3.org%2F2000%2Fsvg%22%20width%3D%22160%22%20height%3D%22160%22%20viewBox%3D%220%200%20160%20160%22%3E%3C%2Fsvg%3E\" loading=\"eager\"><\/span><span class=\"fg-image-overlay\"><\/span><\/a><figcaption class=\"fg-caption\"><div class=\"fg-caption-inner\"><div class=\"fg-caption-title\">Schwarzerle<\/div><div class=\"fg-caption-desc\">Schwarzer Birkenblattroller am Erlenblatt, Mitte Mai<\/div><\/div><\/figcaption><\/figure><div class=\"fg-loader\"><\/div><\/div><div class=\"fg-item fg-type-image fg-idle\"><figure class=\"fg-item-inner\"><a href=\"https:\/\/www.natur-erforschen.net\/themenarchiv\/wp-content\/uploads\/2021\/02\/schwarzerle_blattroller_2_1280.jpg\" data-caption-title=\"Blattrollen des Birkenblattrollers, Anfang Juni\" data-caption-desc=\"Blattrollen des Birkenblattrollers, Anfang Juni\" data-attachment-id=\"1078\" data-type=\"image\" class=\"fg-thumb\"><span class=\"fg-image-wrap\"><img decoding=\"async\" title=\"Blattrollen des Birkenblattrollers, Anfang Juni\" width=\"160\" height=\"160\" class=\"skip-lazy fg-image\" data-src-fg=\"https:\/\/www.natur-erforschen.net\/themenarchiv\/wp-content\/uploads\/cache\/2021\/02\/schwarzerle_blattroller_2_1280\/3880031485.jpg\" src=\"data:image\/svg+xml,%3Csvg%20xmlns%3D%22http%3A%2F%2Fwww.w3.org%2F2000%2Fsvg%22%20width%3D%22160%22%20height%3D%22160%22%20viewBox%3D%220%200%20160%20160%22%3E%3C%2Fsvg%3E\" loading=\"eager\"><\/span><span class=\"fg-image-overlay\"><\/span><\/a><figcaption class=\"fg-caption\"><div class=\"fg-caption-inner\"><div class=\"fg-caption-desc\">Blattrollen des Birkenblattrollers, Anfang Juni<\/div><\/div><\/figcaption><\/figure><div class=\"fg-loader\"><\/div><\/div><div class=\"fg-item fg-type-image fg-idle\"><figure class=\"fg-item-inner\"><a href=\"https:\/\/www.natur-erforschen.net\/themenarchiv\/wp-content\/uploads\/2021\/02\/schwarzerle_erlenwuerger_1280.jpg\" data-caption-title=\"Schwarzerle\" data-caption-desc=\"Erlenw\u00fcrger (R\u00fcsselk\u00e4fer), Mitte Juni\" data-attachment-id=\"1079\" data-type=\"image\" class=\"fg-thumb\"><span class=\"fg-image-wrap\"><img decoding=\"async\" title=\"Erlenw\u00fcrger (R\u00fcsselk\u00e4fer), Mitte Juni\" width=\"160\" height=\"160\" class=\"skip-lazy fg-image\" data-src-fg=\"https:\/\/www.natur-erforschen.net\/themenarchiv\/wp-content\/uploads\/cache\/2021\/02\/schwarzerle_erlenwuerger_1280\/3186746753.jpg\" src=\"data:image\/svg+xml,%3Csvg%20xmlns%3D%22http%3A%2F%2Fwww.w3.org%2F2000%2Fsvg%22%20width%3D%22160%22%20height%3D%22160%22%20viewBox%3D%220%200%20160%20160%22%3E%3C%2Fsvg%3E\" loading=\"eager\"><\/span><span class=\"fg-image-overlay\"><\/span><\/a><figcaption class=\"fg-caption\"><div class=\"fg-caption-inner\"><div class=\"fg-caption-title\">Schwarzerle<\/div><div class=\"fg-caption-desc\">Erlenw\u00fcrger (R\u00fcsselk\u00e4fer), Mitte Juni<\/div><\/div><\/figcaption><\/figure><div class=\"fg-loader\"><\/div><\/div><div class=\"fg-item fg-type-image fg-idle\"><figure class=\"fg-item-inner\"><a href=\"https:\/\/www.natur-erforschen.net\/themenarchiv\/wp-content\/uploads\/2021\/02\/schwarzerle_knoellchen_1280.jpg\" data-caption-title=\"Schwarzerle\" data-caption-desc=\"Wurzelkn\u00f6llchen des Bakteriums Frankia alni\" data-attachment-id=\"1080\" data-type=\"image\" class=\"fg-thumb\"><span class=\"fg-image-wrap\"><img decoding=\"async\" title=\"Wurzelkn\u00f6llchen des Bakteriums Frankia alni\" width=\"160\" height=\"160\" class=\"skip-lazy fg-image\" data-src-fg=\"https:\/\/www.natur-erforschen.net\/themenarchiv\/wp-content\/uploads\/cache\/2021\/02\/schwarzerle_knoellchen_1280\/3843847313.jpg\" src=\"data:image\/svg+xml,%3Csvg%20xmlns%3D%22http%3A%2F%2Fwww.w3.org%2F2000%2Fsvg%22%20width%3D%22160%22%20height%3D%22160%22%20viewBox%3D%220%200%20160%20160%22%3E%3C%2Fsvg%3E\" loading=\"eager\"><\/span><span class=\"fg-image-overlay\"><\/span><\/a><figcaption class=\"fg-caption\"><div class=\"fg-caption-inner\"><div class=\"fg-caption-title\">Schwarzerle<\/div><div class=\"fg-caption-desc\">Wurzelkn\u00f6llchen des Bakteriums Frankia alni<\/div><\/div><\/figcaption><\/figure><div class=\"fg-loader\"><\/div><\/div><\/div>\n\n<\/p><\/div>\n<\/p><\/div>\n<p><!-- .dslc-module -->\n\t\t<\/div>\n<\/div>\n<\/div>\n<\/div>\n<\/div>\n<\/div><\/div>","protected":false},"excerpt":{"rendered":"<p>Nr. 3\u00a0 Schwarzerle (Alnus glutinosa) Familie Birkengew\u00e4chse Standort: Auw\u00e4lder, bachbegleitende Saumgeh\u00f6lze, Moorgeb\u00fcsche; auf n\u00e4hrstoffreichen, m\u00e4\u00dfig sauren, nassen B\u00f6den; Lichtpflanze Wuchs: Baum bis 25 m H\u00f6he<\/p>\n","protected":false},"author":1,"featured_media":0,"parent":900,"menu_order":2,"comment_status":"closed","ping_status":"closed","template":"page-templates\/page_composer.php","meta":{"footnotes":""},"class_list":["post-960","page","type-page","status-publish","hentry","wpbf-post"],"_links":{"self":[{"href":"https:\/\/www.natur-erforschen.net\/themenarchiv\/wp-json\/wp\/v2\/pages\/960","targetHints":{"allow":["GET"]}}],"collection":[{"href":"https:\/\/www.natur-erforschen.net\/themenarchiv\/wp-json\/wp\/v2\/pages"}],"about":[{"href":"https:\/\/www.natur-erforschen.net\/themenarchiv\/wp-json\/wp\/v2\/types\/page"}],"author":[{"embeddable":true,"href":"https:\/\/www.natur-erforschen.net\/themenarchiv\/wp-json\/wp\/v2\/users\/1"}],"replies":[{"embeddable":true,"href":"https:\/\/www.natur-erforschen.net\/themenarchiv\/wp-json\/wp\/v2\/comments?post=960"}],"version-history":[{"count":1,"href":"https:\/\/www.natur-erforschen.net\/themenarchiv\/wp-json\/wp\/v2\/pages\/960\/revisions"}],"predecessor-version":[{"id":961,"href":"https:\/\/www.natur-erforschen.net\/themenarchiv\/wp-json\/wp\/v2\/pages\/960\/revisions\/961"}],"up":[{"embeddable":true,"href":"https:\/\/www.natur-erforschen.net\/themenarchiv\/wp-json\/wp\/v2\/pages\/900"}],"wp:attachment":[{"href":"https:\/\/www.natur-erforschen.net\/themenarchiv\/wp-json\/wp\/v2\/media?parent=960"}],"curies":[{"name":"wp","href":"https:\/\/api.w.org\/{rel}","templated":true}]}}