{"id":983,"date":"2021-02-07T18:11:27","date_gmt":"2021-02-07T17:11:27","guid":{"rendered":"https:\/\/www.natur-erforschen.net\/themenarchiv\/?page_id=983"},"modified":"2021-02-07T18:11:27","modified_gmt":"2021-02-07T17:11:27","slug":"12-rotbuche","status":"publish","type":"page","link":"https:\/\/www.natur-erforschen.net\/themenarchiv\/themen\/phaenologie\/phaenologische-entwicklung-von-pflanzen-im-laubwald-2\/bildergalerie-ausgewaehlter-pflanzenarten-der-strauch-und-baumschicht\/12-rotbuche.html","title":{"rendered":"12 Rotbuche"},"content":{"rendered":"<div id=\"dslc-theme-content\"><div id=\"dslc-theme-content-inner\"><div id=\"dslc-content\" class=\"dslc-content dslc-clearfix\">\n<div id=\"dslc-main\">\n<div  class=\"dslc-modules-section \" style=\"\" data-section-id=\"6fb6ef413bf\">\n<div class=\"dslc-modules-section-wrapper dslc-clearfix\">\n<style type=\"text\/css\" id=\"dslca-modules-area-\"><\/style>\n<div  class=\"dslc-modules-area dslc-col dslc-12-col dslc-last-col dslc-valign- \" data-size=\"12\" data-valign=\"\" data-modules-area-id=\"\" >\n<div id=\"dslc-module-cdadb548ec1\" class=\"dslc-module-front dslc-module-DSLC_Text_Simple dslc-in-viewport-check dslc-in-viewport-anim-none  dslc-col dslc-12-col dslc-last-col  dslc-module-handle-like-regular \" data-module-id=\"cdadb548ec1\" data-module=\"DSLC_Text_Simple\" data-dslc-module-size=\"12\" data-dslc-anim=\"none\" data-dslc-anim-delay=\"\" data-dslc-anim-duration=\"650\"  data-dslc-anim-easing=\"ease\" data-dslc-preset=\"none\" >\n<div class=\"dslc-text-module-content\">\n<h3 style=\"text-align: center;\">Nr. 12\u00a0 <b>Rotbuche <\/b>(<i>Fagus syvatica<\/i>)<\/h3>\n<h4 style=\"text-align: center;\">Familie Buchengew\u00e4chse<\/h4>\n<p style=\"text-align: center;\">Standort: Rotbuchenw\u00e4lder und Laubmischw\u00e4lder; auf m\u00e4\u00dfig n\u00e4hrstoffreichen, frischen B\u00f6den; Schattenpflanze<\/p>\n<p style=\"text-align: center;\">Wuchs: Baum bis 45 m H\u00f6he<\/p>\n<style type=\"text\/css\">\n#foogallery-gallery-1144 .fg-image { width: 200px; }\n#foogallery-gallery-1144 { --fg-gutter: 20px; }<\/style>\n\t\t\t<div class=\"foogallery foogallery-container foogallery-default foogallery-lightbox-foobox fg-center fg-default fg-ready fg-light fg-round-small fg-loading-default fg-loaded-fade-in fg-caption-hover fg-hover-fade fg-hover-zoom\" id=\"foogallery-gallery-1144\" data-foogallery=\"{&quot;item&quot;:{&quot;showCaptionTitle&quot;:true,&quot;showCaptionDescription&quot;:true},&quot;lazy&quot;:true}\" style=\"--fg-title-line-clamp: 0; --fg-description-line-clamp: 0;\" >\n\t<div class=\"fg-item fg-type-image fg-idle\"><figure class=\"fg-item-inner\"><a href=\"https:\/\/www.natur-erforschen.net\/themenarchiv\/wp-content\/uploads\/2021\/03\/rotbuche_1_1280.jpg\" data-caption-title=\"Rotbuche\" data-caption-desc=\"Blattaustrieb, Ende April\" data-attachment-id=\"1145\" data-type=\"image\" class=\"fg-thumb\"><span class=\"fg-image-wrap\"><img decoding=\"async\" title=\"Blattaustrieb, Ende April\" width=\"200\" height=\"200\" class=\"skip-lazy fg-image\" data-src-fg=\"https:\/\/www.natur-erforschen.net\/themenarchiv\/wp-content\/uploads\/cache\/2021\/03\/rotbuche_1_1280\/2085387301.jpg\" src=\"data:image\/svg+xml,%3Csvg%20xmlns%3D%22http%3A%2F%2Fwww.w3.org%2F2000%2Fsvg%22%20width%3D%22200%22%20height%3D%22200%22%20viewBox%3D%220%200%20200%20200%22%3E%3C%2Fsvg%3E\" loading=\"eager\"><\/span><span class=\"fg-image-overlay\"><\/span><\/a><figcaption class=\"fg-caption\"><div class=\"fg-caption-inner\"><div class=\"fg-caption-title\">Rotbuche<\/div><div class=\"fg-caption-desc\">Blattaustrieb, Ende April<\/div><\/div><\/figcaption><\/figure><div class=\"fg-loader\"><\/div><\/div><div class=\"fg-item fg-type-image fg-idle\"><figure class=\"fg-item-inner\"><a href=\"https:\/\/www.natur-erforschen.net\/themenarchiv\/wp-content\/uploads\/2021\/03\/rotbuche_2_1280.jpg\" data-caption-title=\"Rotbuche\" data-caption-desc=\"Junge Bl\u00e4tter, Ende April\" data-attachment-id=\"1146\" data-type=\"image\" class=\"fg-thumb\"><span class=\"fg-image-wrap\"><img decoding=\"async\" title=\"Junge Bl\u00e4tter, Ende April\" width=\"200\" height=\"200\" class=\"skip-lazy fg-image\" data-src-fg=\"https:\/\/www.natur-erforschen.net\/themenarchiv\/wp-content\/uploads\/cache\/2021\/03\/rotbuche_2_1280\/3359901351.jpg\" src=\"data:image\/svg+xml,%3Csvg%20xmlns%3D%22http%3A%2F%2Fwww.w3.org%2F2000%2Fsvg%22%20width%3D%22200%22%20height%3D%22200%22%20viewBox%3D%220%200%20200%20200%22%3E%3C%2Fsvg%3E\" loading=\"eager\"><\/span><span class=\"fg-image-overlay\"><\/span><\/a><figcaption class=\"fg-caption\"><div class=\"fg-caption-inner\"><div class=\"fg-caption-title\">Rotbuche<\/div><div class=\"fg-caption-desc\">Junge Bl\u00e4tter, Ende April<\/div><\/div><\/figcaption><\/figure><div class=\"fg-loader\"><\/div><\/div><div class=\"fg-item fg-type-image fg-idle\"><figure class=\"fg-item-inner\"><a href=\"https:\/\/www.natur-erforschen.net\/themenarchiv\/wp-content\/uploads\/2021\/03\/rotbuche_3_1280.jpg\" data-caption-title=\"Rotbuche\" data-caption-desc=\"voll ausgebildete Bl\u00e4tter, Ende Mai\" data-attachment-id=\"1147\" data-type=\"image\" class=\"fg-thumb\"><span class=\"fg-image-wrap\"><img decoding=\"async\" title=\"voll ausgebildete Bl\u00e4tter, Ende Mai\" width=\"200\" height=\"200\" class=\"skip-lazy fg-image\" data-src-fg=\"https:\/\/www.natur-erforschen.net\/themenarchiv\/wp-content\/uploads\/cache\/2021\/03\/rotbuche_3_1280\/2755907801.jpg\" src=\"data:image\/svg+xml,%3Csvg%20xmlns%3D%22http%3A%2F%2Fwww.w3.org%2F2000%2Fsvg%22%20width%3D%22200%22%20height%3D%22200%22%20viewBox%3D%220%200%20200%20200%22%3E%3C%2Fsvg%3E\" loading=\"eager\"><\/span><span class=\"fg-image-overlay\"><\/span><\/a><figcaption class=\"fg-caption\"><div class=\"fg-caption-inner\"><div class=\"fg-caption-title\">Rotbuche<\/div><div class=\"fg-caption-desc\">voll ausgebildete Bl\u00e4tter, Ende Mai<\/div><\/div><\/figcaption><\/figure><div class=\"fg-loader\"><\/div><\/div><div class=\"fg-item fg-type-image fg-idle\"><figure class=\"fg-item-inner\"><a href=\"https:\/\/www.natur-erforschen.net\/themenarchiv\/wp-content\/uploads\/2021\/03\/rotbuche_4_1280.jpg\" data-caption-title=\"Rotbuche\" data-caption-desc=\"Weiblicher Bl\u00fctenstand, Anfang Mai\" data-attachment-id=\"1148\" data-type=\"image\" class=\"fg-thumb\"><span class=\"fg-image-wrap\"><img decoding=\"async\" title=\"Weiblicher Bl\u00fctenstand, Anfang Mai\" width=\"200\" height=\"200\" class=\"skip-lazy fg-image\" data-src-fg=\"https:\/\/www.natur-erforschen.net\/themenarchiv\/wp-content\/uploads\/cache\/2021\/03\/rotbuche_4_1280\/4160395773.jpg\" src=\"data:image\/svg+xml,%3Csvg%20xmlns%3D%22http%3A%2F%2Fwww.w3.org%2F2000%2Fsvg%22%20width%3D%22200%22%20height%3D%22200%22%20viewBox%3D%220%200%20200%20200%22%3E%3C%2Fsvg%3E\" loading=\"eager\"><\/span><span class=\"fg-image-overlay\"><\/span><\/a><figcaption class=\"fg-caption\"><div class=\"fg-caption-inner\"><div class=\"fg-caption-title\">Rotbuche<\/div><div class=\"fg-caption-desc\">Weiblicher Bl\u00fctenstand, Anfang Mai<\/div><\/div><\/figcaption><\/figure><div class=\"fg-loader\"><\/div><\/div><div class=\"fg-item fg-type-image fg-idle\"><figure class=\"fg-item-inner\"><a href=\"https:\/\/www.natur-erforschen.net\/themenarchiv\/wp-content\/uploads\/2021\/03\/rotbuche_5_1280.jpg\" data-caption-title=\"Rotbuche\" data-caption-desc=\"M\u00e4nnliche Bl\u00fctenst\u00e4nde, Anfang Mai\" data-attachment-id=\"1149\" data-type=\"image\" class=\"fg-thumb\"><span class=\"fg-image-wrap\"><img decoding=\"async\" title=\"M\u00e4nnliche Bl\u00fctenst\u00e4nde, Anfang Mai\" width=\"200\" height=\"200\" class=\"skip-lazy fg-image\" data-src-fg=\"https:\/\/www.natur-erforschen.net\/themenarchiv\/wp-content\/uploads\/cache\/2021\/03\/rotbuche_5_1280\/2617069443.jpg\" src=\"data:image\/svg+xml,%3Csvg%20xmlns%3D%22http%3A%2F%2Fwww.w3.org%2F2000%2Fsvg%22%20width%3D%22200%22%20height%3D%22200%22%20viewBox%3D%220%200%20200%20200%22%3E%3C%2Fsvg%3E\" loading=\"eager\"><\/span><span class=\"fg-image-overlay\"><\/span><\/a><figcaption class=\"fg-caption\"><div class=\"fg-caption-inner\"><div class=\"fg-caption-title\">Rotbuche<\/div><div class=\"fg-caption-desc\">M\u00e4nnliche Bl\u00fctenst\u00e4nde, Anfang Mai<\/div><\/div><\/figcaption><\/figure><div class=\"fg-loader\"><\/div><\/div><div class=\"fg-item fg-type-image fg-idle\"><figure class=\"fg-item-inner\"><a href=\"https:\/\/www.natur-erforschen.net\/themenarchiv\/wp-content\/uploads\/2021\/03\/rotbuche_6_1280.jpg\" data-caption-title=\"Rotbuche\" data-caption-desc=\"Fruchtst\u00e4nde, Anfang Juni\" data-attachment-id=\"1150\" data-type=\"image\" class=\"fg-thumb\"><span class=\"fg-image-wrap\"><img decoding=\"async\" title=\"Fruchtst\u00e4nde, Anfang Juni\" width=\"200\" height=\"200\" class=\"skip-lazy fg-image\" data-src-fg=\"https:\/\/www.natur-erforschen.net\/themenarchiv\/wp-content\/uploads\/cache\/2021\/03\/rotbuche_6_1280\/833092146.jpg\" src=\"data:image\/svg+xml,%3Csvg%20xmlns%3D%22http%3A%2F%2Fwww.w3.org%2F2000%2Fsvg%22%20width%3D%22200%22%20height%3D%22200%22%20viewBox%3D%220%200%20200%20200%22%3E%3C%2Fsvg%3E\" loading=\"eager\"><\/span><span class=\"fg-image-overlay\"><\/span><\/a><figcaption class=\"fg-caption\"><div class=\"fg-caption-inner\"><div class=\"fg-caption-title\">Rotbuche<\/div><div class=\"fg-caption-desc\">Fruchtst\u00e4nde, Anfang Juni<\/div><\/div><\/figcaption><\/figure><div class=\"fg-loader\"><\/div><\/div><div class=\"fg-item fg-type-image fg-idle\"><figure class=\"fg-item-inner\"><a href=\"https:\/\/www.natur-erforschen.net\/themenarchiv\/wp-content\/uploads\/2021\/03\/rotbuche_7_1280.jpg\" data-caption-title=\"Rotbuche\" data-caption-desc=\"Gallen der Buchblatt-Gallm\u00fccke, Anfang Juni\" data-attachment-id=\"1151\" data-type=\"image\" class=\"fg-thumb\"><span class=\"fg-image-wrap\"><img decoding=\"async\" title=\"Gallen der Buchblatt-Gallm\u00fccke, Anfang Juni\" width=\"200\" height=\"200\" class=\"skip-lazy fg-image\" data-src-fg=\"https:\/\/www.natur-erforschen.net\/themenarchiv\/wp-content\/uploads\/cache\/2021\/03\/rotbuche_7_1280\/1570778188.jpg\" src=\"data:image\/svg+xml,%3Csvg%20xmlns%3D%22http%3A%2F%2Fwww.w3.org%2F2000%2Fsvg%22%20width%3D%22200%22%20height%3D%22200%22%20viewBox%3D%220%200%20200%20200%22%3E%3C%2Fsvg%3E\" loading=\"eager\"><\/span><span class=\"fg-image-overlay\"><\/span><\/a><figcaption class=\"fg-caption\"><div class=\"fg-caption-inner\"><div class=\"fg-caption-title\">Rotbuche<\/div><div class=\"fg-caption-desc\">Gallen der Buchblatt-Gallm\u00fccke, Anfang Juni<\/div><\/div><\/figcaption><\/figure><div class=\"fg-loader\"><\/div><\/div><div class=\"fg-item fg-type-image fg-idle\"><figure class=\"fg-item-inner\"><a href=\"https:\/\/www.natur-erforschen.net\/themenarchiv\/wp-content\/uploads\/2021\/03\/rotbuche_8_1280.jpg\" data-caption-title=\"Rotbuche\" data-caption-desc=\"Raupe der Buchen-Miniermotte, Mitte Mai\" data-attachment-id=\"1152\" data-type=\"image\" class=\"fg-thumb\"><span class=\"fg-image-wrap\"><img decoding=\"async\" title=\"Raupe der Buchen-Miniermotte, Mitte Mai\" width=\"200\" height=\"200\" class=\"skip-lazy fg-image\" data-src-fg=\"https:\/\/www.natur-erforschen.net\/themenarchiv\/wp-content\/uploads\/cache\/2021\/03\/rotbuche_8_1280\/1930620725.jpg\" src=\"data:image\/svg+xml,%3Csvg%20xmlns%3D%22http%3A%2F%2Fwww.w3.org%2F2000%2Fsvg%22%20width%3D%22200%22%20height%3D%22200%22%20viewBox%3D%220%200%20200%20200%22%3E%3C%2Fsvg%3E\" loading=\"eager\"><\/span><span class=\"fg-image-overlay\"><\/span><\/a><figcaption class=\"fg-caption\"><div class=\"fg-caption-inner\"><div class=\"fg-caption-title\">Rotbuche<\/div><div class=\"fg-caption-desc\">Raupe der Buchen-Miniermotte, Mitte Mai<\/div><\/div><\/figcaption><\/figure><div class=\"fg-loader\"><\/div><\/div><div class=\"fg-item fg-type-image fg-idle\"><figure class=\"fg-item-inner\"><a href=\"https:\/\/www.natur-erforschen.net\/themenarchiv\/wp-content\/uploads\/2021\/03\/rotbuche_9_1280.jpg\" data-caption-title=\"Rotbuche\" data-caption-desc=\"abgefallene Bucheckern, Ende Oktober\" data-attachment-id=\"1153\" data-type=\"image\" class=\"fg-thumb\"><span class=\"fg-image-wrap\"><img decoding=\"async\" title=\"abgefallene Bucheckern, Ende Oktober\" width=\"200\" height=\"200\" class=\"skip-lazy fg-image\" data-src-fg=\"https:\/\/www.natur-erforschen.net\/themenarchiv\/wp-content\/uploads\/cache\/2021\/03\/rotbuche_9_1280\/521484619.jpg\" src=\"data:image\/svg+xml,%3Csvg%20xmlns%3D%22http%3A%2F%2Fwww.w3.org%2F2000%2Fsvg%22%20width%3D%22200%22%20height%3D%22200%22%20viewBox%3D%220%200%20200%20200%22%3E%3C%2Fsvg%3E\" loading=\"eager\"><\/span><span class=\"fg-image-overlay\"><\/span><\/a><figcaption class=\"fg-caption\"><div class=\"fg-caption-inner\"><div class=\"fg-caption-title\">Rotbuche<\/div><div class=\"fg-caption-desc\">abgefallene Bucheckern, Ende Oktober<\/div><\/div><\/figcaption><\/figure><div class=\"fg-loader\"><\/div><\/div><\/div>\n\n<\/p><\/div>\n<\/p><\/div>\n<p><!-- .dslc-module -->\n\t\t<\/div>\n<\/div>\n<\/div>\n<\/div>\n<\/div>\n<\/div><\/div>","protected":false},"excerpt":{"rendered":"<p>Nr. 12\u00a0 Rotbuche (Fagus syvatica) Familie Buchengew\u00e4chse Standort: Rotbuchenw\u00e4lder und Laubmischw\u00e4lder; auf m\u00e4\u00dfig n\u00e4hrstoffreichen, frischen B\u00f6den; Schattenpflanze Wuchs: Baum bis 45 m H\u00f6he<\/p>\n","protected":false},"author":1,"featured_media":0,"parent":900,"menu_order":11,"comment_status":"closed","ping_status":"closed","template":"page-templates\/page_composer.php","meta":{"footnotes":""},"class_list":["post-983","page","type-page","status-publish","hentry","wpbf-post"],"_links":{"self":[{"href":"https:\/\/www.natur-erforschen.net\/themenarchiv\/wp-json\/wp\/v2\/pages\/983","targetHints":{"allow":["GET"]}}],"collection":[{"href":"https:\/\/www.natur-erforschen.net\/themenarchiv\/wp-json\/wp\/v2\/pages"}],"about":[{"href":"https:\/\/www.natur-erforschen.net\/themenarchiv\/wp-json\/wp\/v2\/types\/page"}],"author":[{"embeddable":true,"href":"https:\/\/www.natur-erforschen.net\/themenarchiv\/wp-json\/wp\/v2\/users\/1"}],"replies":[{"embeddable":true,"href":"https:\/\/www.natur-erforschen.net\/themenarchiv\/wp-json\/wp\/v2\/comments?post=983"}],"version-history":[{"count":1,"href":"https:\/\/www.natur-erforschen.net\/themenarchiv\/wp-json\/wp\/v2\/pages\/983\/revisions"}],"predecessor-version":[{"id":984,"href":"https:\/\/www.natur-erforschen.net\/themenarchiv\/wp-json\/wp\/v2\/pages\/983\/revisions\/984"}],"up":[{"embeddable":true,"href":"https:\/\/www.natur-erforschen.net\/themenarchiv\/wp-json\/wp\/v2\/pages\/900"}],"wp:attachment":[{"href":"https:\/\/www.natur-erforschen.net\/themenarchiv\/wp-json\/wp\/v2\/media?parent=983"}],"curies":[{"name":"wp","href":"https:\/\/api.w.org\/{rel}","templated":true}]}}